{"id":16541,"date":"2020-07-20T14:16:29","date_gmt":"2020-07-20T14:16:29","guid":{"rendered":"http:\/\/roigk.de\/produkt\/e-remplacement-de-la-poignee-de-la-pompe-a-main-en-caoutchouc-par-un-tube-de-remplacement-pour-figurines-en-fibre-de-verre-renforcee\/"},"modified":"2026-01-21T08:22:19","modified_gmt":"2026-01-21T08:22:19","slug":"e-remplacement-de-la-poignee-de-la-pompe-a-main-en-caoutchouc-par-un-tube-de-remplacement-pour-figurines-en-fibre-de-verre-renforcee","status":"publish","type":"product","link":"https:\/\/roigk.de\/fr\/e-remplacement-de-la-poignee-de-la-pompe-a-main-en-caoutchouc-par-un-tube-de-remplacement-pour-figurines-en-fibre-de-verre-renforcee\/","title":{"rendered":"E# Remplacement de la poign\u00e9e de la pompe \u00e0 main en caoutchouc par un tube de remplacement (pour figurines en fibre de verre renforc\u00e9e)"},"content":{"rendered":"","protected":false},"excerpt":{"rendered":"<p><span>Pi\u00e8ce d\u00e9tach\u00e9e pour poign\u00e9e de pompe \u00e0 main en caoutchouc R844<\/span><br \/><span>Conform\u00e9ment \u00e0 l&#8217;illustration, sans autres accessoires<\/span><b><\/b><i><\/i><\/p>\n","protected":false},"featured_media":8389,"template":"","meta":{"_acf_changed":false},"product_brand":[],"product_cat":[137],"product_tag":[],"class_list":{"0":"post-16541","1":"product","2":"type-product","3":"status-publish","4":"has-post-thumbnail","6":"product_cat-attractions-et-cols-de-cygne-pieces-detachees","8":"first","9":"instock","10":"taxable","11":"shipping-taxable","12":"purchasable","13":"product-type-simple"},"acf":[],"_links":{"self":[{"href":"https:\/\/roigk.de\/fr\/wp-json\/wp\/v2\/product\/16541","targetHints":{"allow":["GET"]}}],"collection":[{"href":"https:\/\/roigk.de\/fr\/wp-json\/wp\/v2\/product"}],"about":[{"href":"https:\/\/roigk.de\/fr\/wp-json\/wp\/v2\/types\/product"}],"wp:featuredmedia":[{"embeddable":true,"href":"https:\/\/roigk.de\/fr\/wp-json\/wp\/v2\/media\/8389"}],"wp:attachment":[{"href":"https:\/\/roigk.de\/fr\/wp-json\/wp\/v2\/media?parent=16541"}],"wp:term":[{"taxonomy":"product_brand","embeddable":true,"href":"https:\/\/roigk.de\/fr\/wp-json\/wp\/v2\/product_brand?post=16541"},{"taxonomy":"product_cat","embeddable":true,"href":"https:\/\/roigk.de\/fr\/wp-json\/wp\/v2\/product_cat?post=16541"},{"taxonomy":"product_tag","embeddable":true,"href":"https:\/\/roigk.de\/fr\/wp-json\/wp\/v2\/product_tag?post=16541"}],"curies":[{"name":"wp","href":"https:\/\/api.w.org\/{rel}","templated":true}]}}