{"id":16543,"date":"2020-07-20T14:40:36","date_gmt":"2020-07-20T14:40:36","guid":{"rendered":"http:\/\/roigk.de\/produkt\/e-pompe-a-main-de-remplacement-avec-tuyau-de-remplacement-r845e-pour-les-figurines-en-fibre-de-verre-renforcee\/"},"modified":"2026-01-21T08:22:25","modified_gmt":"2026-01-21T08:22:25","slug":"e-pompe-a-main-de-remplacement-avec-tuyau-de-remplacement-r845e-pour-les-figurines-en-fibre-de-verre-renforcee","status":"publish","type":"product","link":"https:\/\/roigk.de\/fr\/e-pompe-a-main-de-remplacement-avec-tuyau-de-remplacement-r845e-pour-les-figurines-en-fibre-de-verre-renforcee\/","title":{"rendered":"E# Pompe \u00e0 main de remplacement avec tuyau de remplacement R845E (pour les figurines en fibre de verre renforc\u00e9e)"},"content":{"rendered":"","protected":false},"excerpt":{"rendered":"<p><span>Pi\u00e8ce d\u00e9tach\u00e9e pour pompe \u00e0 main R845<\/span><br \/><span>Pompe interne en plastique sans poign\u00e9e ni anneau en acier inoxydable.<\/span><br \/><span>Conform\u00e9ment \u00e0 l&#8217;illustration, sans autres accessoires<\/span><b><\/b><i><\/i><\/p>\n","protected":false},"featured_media":10166,"template":"","meta":{"_acf_changed":false},"product_brand":[],"product_cat":[137],"product_tag":[],"class_list":{"0":"post-16543","1":"product","2":"type-product","3":"status-publish","4":"has-post-thumbnail","6":"product_cat-attractions-et-cols-de-cygne-pieces-detachees","8":"first","9":"instock","10":"taxable","11":"shipping-taxable","12":"purchasable","13":"product-type-simple"},"acf":[],"_links":{"self":[{"href":"https:\/\/roigk.de\/fr\/wp-json\/wp\/v2\/product\/16543","targetHints":{"allow":["GET"]}}],"collection":[{"href":"https:\/\/roigk.de\/fr\/wp-json\/wp\/v2\/product"}],"about":[{"href":"https:\/\/roigk.de\/fr\/wp-json\/wp\/v2\/types\/product"}],"wp:featuredmedia":[{"embeddable":true,"href":"https:\/\/roigk.de\/fr\/wp-json\/wp\/v2\/media\/10166"}],"wp:attachment":[{"href":"https:\/\/roigk.de\/fr\/wp-json\/wp\/v2\/media?parent=16543"}],"wp:term":[{"taxonomy":"product_brand","embeddable":true,"href":"https:\/\/roigk.de\/fr\/wp-json\/wp\/v2\/product_brand?post=16543"},{"taxonomy":"product_cat","embeddable":true,"href":"https:\/\/roigk.de\/fr\/wp-json\/wp\/v2\/product_cat?post=16543"},{"taxonomy":"product_tag","embeddable":true,"href":"https:\/\/roigk.de\/fr\/wp-json\/wp\/v2\/product_tag?post=16543"}],"curies":[{"name":"wp","href":"https:\/\/api.w.org\/{rel}","templated":true}]}}