{"id":16559,"date":"2020-07-20T14:45:56","date_gmt":"2020-07-20T14:45:56","guid":{"rendered":"http:\/\/roigk.de\/produkt\/e-commande-de-reglage-va01-pour-elevateurs-de-piscine-r10be-r29-r29n\/"},"modified":"2026-01-21T08:23:09","modified_gmt":"2026-01-21T08:23:09","slug":"e-commande-de-reglage-va01-pour-elevateurs-de-piscine-r10be-r29-r29n","status":"publish","type":"product","link":"https:\/\/roigk.de\/fr\/e-commande-de-reglage-va01-pour-elevateurs-de-piscine-r10be-r29-r29n\/","title":{"rendered":"E# Commande de r\u00e9glage VA01 (pour \u00e9l\u00e9vateurs de piscine) R10BE, R29, R29N"},"content":{"rendered":"","protected":false},"excerpt":{"rendered":"","protected":false},"featured_media":10650,"template":"","meta":{"_acf_changed":false},"product_brand":[],"product_cat":[144],"product_tag":[],"class_list":{"0":"post-16559","1":"product","2":"type-product","3":"status-publish","4":"has-post-thumbnail","6":"product_cat-elevateur-pieces-detachees","8":"first","9":"instock","10":"taxable","11":"shipping-taxable","12":"purchasable","13":"product-type-simple"},"acf":[],"_links":{"self":[{"href":"https:\/\/roigk.de\/fr\/wp-json\/wp\/v2\/product\/16559","targetHints":{"allow":["GET"]}}],"collection":[{"href":"https:\/\/roigk.de\/fr\/wp-json\/wp\/v2\/product"}],"about":[{"href":"https:\/\/roigk.de\/fr\/wp-json\/wp\/v2\/types\/product"}],"wp:featuredmedia":[{"embeddable":true,"href":"https:\/\/roigk.de\/fr\/wp-json\/wp\/v2\/media\/10650"}],"wp:attachment":[{"href":"https:\/\/roigk.de\/fr\/wp-json\/wp\/v2\/media?parent=16559"}],"wp:term":[{"taxonomy":"product_brand","embeddable":true,"href":"https:\/\/roigk.de\/fr\/wp-json\/wp\/v2\/product_brand?post=16559"},{"taxonomy":"product_cat","embeddable":true,"href":"https:\/\/roigk.de\/fr\/wp-json\/wp\/v2\/product_cat?post=16559"},{"taxonomy":"product_tag","embeddable":true,"href":"https:\/\/roigk.de\/fr\/wp-json\/wp\/v2\/product_tag?post=16559"}],"curies":[{"name":"wp","href":"https:\/\/api.w.org\/{rel}","templated":true}]}}