{"id":16562,"date":"2020-07-20T14:19:46","date_gmt":"2020-07-20T14:19:46","guid":{"rendered":"http:\/\/roigk.de\/produkt\/mallette-de-premiers-secours-piscine-r77103s\/"},"modified":"2026-01-21T08:23:18","modified_gmt":"2026-01-21T08:23:18","slug":"mallette-de-premiers-secours-piscine-r77103s","status":"publish","type":"product","link":"https:\/\/roigk.de\/fr\/mallette-de-premiers-secours-piscine-r77103s\/","title":{"rendered":"Mallette de premiers secours piscine R77103S"},"content":{"rendered":"","protected":false},"excerpt":{"rendered":"<p>Sp\u00e9cialement con\u00e7u pour tout types de risques pr\u00e9sents en piscines int\u00e9rieures et ext\u00e9rieures, selon la brochure 25.02 (Association f\u00e9d\u00e9rale des piscines publiques).<\/p>\n<p>Se compose de :<\/p>\n<p>&#8211; Remplissage de DIN 13 157 et <br \/>&#8211; Sac de r\u00e9animation HAN-LIFE\u00ae avec 3 masques<br \/>&#8211; R\u00e9servoir d&#8217;oxyg\u00e8ne et adaptateur d&#8217;hyperventilation<br \/>&#8211; Guedeltubes<br \/>&#8211; Mat\u00e9riel d&#8217;attelage<br \/>&#8211; Compresses de r\u00e9frig\u00e9ration<br \/>&#8211; Bo\u00eete de sauvetage des dentitions<br \/>&#8211; Nettoyage des plaies <br \/>&#8211; Ciseaux et pinces<br \/>&#8211; Lumi\u00e8re de diagnostic<\/p>\n<p>Dimensions : 445 x 150 x 320 mm<\/p>\n","protected":false},"featured_media":8590,"template":"","meta":{"_acf_changed":false},"product_brand":[],"product_cat":[154],"product_tag":[],"class_list":{"0":"post-16562","1":"product","2":"type-product","3":"status-publish","4":"has-post-thumbnail","6":"product_cat-materiel-de-secours-equipements-de-salle-de-premiers-secours-et-signalisation","8":"first","9":"instock","10":"taxable","11":"shipping-taxable","12":"purchasable","13":"product-type-simple"},"acf":[],"_links":{"self":[{"href":"https:\/\/roigk.de\/fr\/wp-json\/wp\/v2\/product\/16562","targetHints":{"allow":["GET"]}}],"collection":[{"href":"https:\/\/roigk.de\/fr\/wp-json\/wp\/v2\/product"}],"about":[{"href":"https:\/\/roigk.de\/fr\/wp-json\/wp\/v2\/types\/product"}],"wp:featuredmedia":[{"embeddable":true,"href":"https:\/\/roigk.de\/fr\/wp-json\/wp\/v2\/media\/8590"}],"wp:attachment":[{"href":"https:\/\/roigk.de\/fr\/wp-json\/wp\/v2\/media?parent=16562"}],"wp:term":[{"taxonomy":"product_brand","embeddable":true,"href":"https:\/\/roigk.de\/fr\/wp-json\/wp\/v2\/product_brand?post=16562"},{"taxonomy":"product_cat","embeddable":true,"href":"https:\/\/roigk.de\/fr\/wp-json\/wp\/v2\/product_cat?post=16562"},{"taxonomy":"product_tag","embeddable":true,"href":"https:\/\/roigk.de\/fr\/wp-json\/wp\/v2\/product_tag?post=16562"}],"curies":[{"name":"wp","href":"https:\/\/api.w.org\/{rel}","templated":true}]}}