{"id":16566,"date":"2020-07-20T14:41:40","date_gmt":"2020-07-20T14:41:40","guid":{"rendered":"http:\/\/roigk.de\/produkt\/fina-plot-de-depart-r1609w\/"},"modified":"2026-01-21T08:23:31","modified_gmt":"2026-01-21T08:23:31","slug":"fina-plot-de-depart-r1609w","status":"publish","type":"product","link":"https:\/\/roigk.de\/fr\/fina-plot-de-depart-r1609w\/","title":{"rendered":"FINA Plot de d\u00e9part R1609W"},"content":{"rendered":"","protected":false},"excerpt":{"rendered":"<p>Identique au R1680W, mais&nbsp;<span>pr\u00e9vu pour un niveau d&#8217;eau en dessous de la plage ou pour un banc de d\u00e9part sur-\u00e9lev\u00e9.<\/span><\/p>\n<p>Groupe cible : comp\u00e9tition de haut niveau et entra\u00eenement<br \/>Positionnement : <span>niveau d\u2019eau bas ou banc de d\u00e9part<\/span><\/p>\n<p>&nbsp;<\/p>\n","protected":false},"featured_media":10274,"template":"","meta":{"_acf_changed":false},"product_brand":[],"product_cat":[165],"product_tag":[],"class_list":{"0":"post-16566","1":"product","2":"type-product","3":"status-publish","4":"has-post-thumbnail","6":"product_cat-plot-de-depart","8":"first","9":"instock","10":"taxable","11":"shipping-taxable","12":"purchasable","13":"product-type-simple"},"acf":[],"_links":{"self":[{"href":"https:\/\/roigk.de\/fr\/wp-json\/wp\/v2\/product\/16566","targetHints":{"allow":["GET"]}}],"collection":[{"href":"https:\/\/roigk.de\/fr\/wp-json\/wp\/v2\/product"}],"about":[{"href":"https:\/\/roigk.de\/fr\/wp-json\/wp\/v2\/types\/product"}],"wp:featuredmedia":[{"embeddable":true,"href":"https:\/\/roigk.de\/fr\/wp-json\/wp\/v2\/media\/10274"}],"wp:attachment":[{"href":"https:\/\/roigk.de\/fr\/wp-json\/wp\/v2\/media?parent=16566"}],"wp:term":[{"taxonomy":"product_brand","embeddable":true,"href":"https:\/\/roigk.de\/fr\/wp-json\/wp\/v2\/product_brand?post=16566"},{"taxonomy":"product_cat","embeddable":true,"href":"https:\/\/roigk.de\/fr\/wp-json\/wp\/v2\/product_cat?post=16566"},{"taxonomy":"product_tag","embeddable":true,"href":"https:\/\/roigk.de\/fr\/wp-json\/wp\/v2\/product_tag?post=16566"}],"curies":[{"name":"wp","href":"https:\/\/api.w.org\/{rel}","templated":true}]}}