{"id":16568,"date":"2020-07-20T13:24:40","date_gmt":"2020-07-20T13:24:40","guid":{"rendered":"http:\/\/roigk.de\/produkt\/fina-plot-de-depart-r1609wk\/"},"modified":"2026-01-21T08:23:37","modified_gmt":"2026-01-21T08:23:37","slug":"fina-plot-de-depart-r1609wk","status":"publish","type":"product","link":"https:\/\/roigk.de\/fr\/fina-plot-de-depart-r1609wk\/","title":{"rendered":"FINA Plot de d\u00e9part R1609WK"},"content":{"rendered":"","protected":false},"excerpt":{"rendered":"<p>Ce plot correspond au mod\u00e8le standard R1680WK, mais est pr\u00e9vu pour un niveau d&#8217;eau en dessous de la plage ou pour un banc de d\u00e9part sur-\u00e9lev\u00e9.<\/p>\n<p>Dimensions : plot de d\u00e9part avec cale 500 x 690 mm (cale de d\u00e9part environ 500 x 250 mm)<br \/>Client\u00e8le&nbsp;cibl\u00e9e : comp\u00e9titions de haut niveau et entra\u00eenements<br \/>Positionnement : pour un niveau d&#8217;eau bas ou un banc de d\u00e9part<\/p>\n","protected":false},"featured_media":8297,"template":"","meta":{"_acf_changed":false},"product_brand":[],"product_cat":[165],"product_tag":[],"class_list":{"0":"post-16568","1":"product","2":"type-product","3":"status-publish","4":"has-post-thumbnail","6":"product_cat-plot-de-depart","8":"first","9":"instock","10":"taxable","11":"shipping-taxable","12":"purchasable","13":"product-type-simple"},"acf":[],"_links":{"self":[{"href":"https:\/\/roigk.de\/fr\/wp-json\/wp\/v2\/product\/16568","targetHints":{"allow":["GET"]}}],"collection":[{"href":"https:\/\/roigk.de\/fr\/wp-json\/wp\/v2\/product"}],"about":[{"href":"https:\/\/roigk.de\/fr\/wp-json\/wp\/v2\/types\/product"}],"wp:featuredmedia":[{"embeddable":true,"href":"https:\/\/roigk.de\/fr\/wp-json\/wp\/v2\/media\/8297"}],"wp:attachment":[{"href":"https:\/\/roigk.de\/fr\/wp-json\/wp\/v2\/media?parent=16568"}],"wp:term":[{"taxonomy":"product_brand","embeddable":true,"href":"https:\/\/roigk.de\/fr\/wp-json\/wp\/v2\/product_brand?post=16568"},{"taxonomy":"product_cat","embeddable":true,"href":"https:\/\/roigk.de\/fr\/wp-json\/wp\/v2\/product_cat?post=16568"},{"taxonomy":"product_tag","embeddable":true,"href":"https:\/\/roigk.de\/fr\/wp-json\/wp\/v2\/product_tag?post=16568"}],"curies":[{"name":"wp","href":"https:\/\/api.w.org\/{rel}","templated":true}]}}