{"id":16570,"date":"2020-07-20T13:53:33","date_gmt":"2020-07-20T13:53:33","guid":{"rendered":"http:\/\/roigk.de\/produkt\/fina-plot-de-depart-r1609wvk\/"},"modified":"2026-01-21T08:23:43","modified_gmt":"2026-01-21T08:23:43","slug":"fina-plot-de-depart-r1609wvk","status":"publish","type":"product","link":"https:\/\/roigk.de\/fr\/fina-plot-de-depart-r1609wvk\/","title":{"rendered":"FINA Plot de d\u00e9part R1609WVK"},"content":{"rendered":"","protected":false},"excerpt":{"rendered":"<p>Identique au R1680W, mais avec cale-pieds r\u00e9glable sur 5 positions et colonne verticale extr\u00eamement solide. Sans marche interm\u00e9diaire pour les goutti\u00e8res basses ou les bancs de d\u00e9part. Le mod\u00e8le haut de gamme est parfaitement adapt\u00e9 aux comp\u00e9titions internationales. Avec disposition de d\u00e9tection des faux d\u00e9parts en option, \u00e9galement adapt\u00e9e aux Jeux olympiques ou aux comp\u00e9titions internationales.<\/p>\n<p>Dimensions : environ 500 x 700 mm<br \/>Client<span>\u00e8le&nbsp;<\/span>cibl\u00e9e : Jeux olympiques et championnats de natation<br \/>Positionnement : pour un niveau d&#8217;eau bas ou banc de d\u00e9part<\/p>\n","protected":false},"featured_media":8303,"template":"","meta":{"_acf_changed":false},"product_brand":[],"product_cat":[165],"product_tag":[],"class_list":{"0":"post-16570","1":"product","2":"type-product","3":"status-publish","4":"has-post-thumbnail","6":"product_cat-plot-de-depart","8":"first","9":"instock","10":"taxable","11":"shipping-taxable","12":"purchasable","13":"product-type-simple"},"acf":[],"_links":{"self":[{"href":"https:\/\/roigk.de\/fr\/wp-json\/wp\/v2\/product\/16570","targetHints":{"allow":["GET"]}}],"collection":[{"href":"https:\/\/roigk.de\/fr\/wp-json\/wp\/v2\/product"}],"about":[{"href":"https:\/\/roigk.de\/fr\/wp-json\/wp\/v2\/types\/product"}],"wp:featuredmedia":[{"embeddable":true,"href":"https:\/\/roigk.de\/fr\/wp-json\/wp\/v2\/media\/8303"}],"wp:attachment":[{"href":"https:\/\/roigk.de\/fr\/wp-json\/wp\/v2\/media?parent=16570"}],"wp:term":[{"taxonomy":"product_brand","embeddable":true,"href":"https:\/\/roigk.de\/fr\/wp-json\/wp\/v2\/product_brand?post=16570"},{"taxonomy":"product_cat","embeddable":true,"href":"https:\/\/roigk.de\/fr\/wp-json\/wp\/v2\/product_cat?post=16570"},{"taxonomy":"product_tag","embeddable":true,"href":"https:\/\/roigk.de\/fr\/wp-json\/wp\/v2\/product_tag?post=16570"}],"curies":[{"name":"wp","href":"https:\/\/api.w.org\/{rel}","templated":true}]}}