{"id":16572,"date":"2020-07-20T14:47:20","date_gmt":"2020-07-20T14:47:20","guid":{"rendered":"http:\/\/roigk.de\/produkt\/fina-plot-de-depart-r1680w\/"},"modified":"2026-01-21T08:23:49","modified_gmt":"2026-01-21T08:23:49","slug":"fina-plot-de-depart-r1680w","status":"publish","type":"product","link":"https:\/\/roigk.de\/fr\/fina-plot-de-depart-r1680w\/","title":{"rendered":"FINA Plot de d\u00e9part R1680W"},"content":{"rendered":"","protected":false},"excerpt":{"rendered":"<p>En tant que mod\u00e8le standard, le R1680W r\u00e9pond \u00e0 toutes les exigences des normes DIN 13451-4, DSV et FINA. La&nbsp;<span>calotte en fibre de verre renforc\u00e9<\/span><span>e&nbsp;<\/span>en forme de bo\u00eete, avec un rev\u00eatement lat\u00e9ral haut, est dot\u00e9e \u00e0 l&#8217;avant d&#8217;une aide&nbsp;<span>optimale<\/span><span>&nbsp;<\/span><span>\u00e0 la prise en main <\/span>au d\u00e9marrage sur 3 c\u00f4t\u00e9s.&nbsp;<span>Sa pente est&nbsp;<\/span>inclin\u00e9e de 10 degr\u00e9s vers l&#8217;avant et con\u00e7ue sans fixations visibles sur les marches antid\u00e9rapantes. L&#8217;inclinaison et la distance par rapport au bord du bassin peuvent \u00eatre adapt\u00e9es \u00e0 tout projet.<\/p>\n<p>Dimensions : base de d\u00e9part 500 x 500 mm, marche interm\u00e9diaire 300 x 300 mm<br \/>Client<span>\u00e8le&nbsp;<\/span>cible : comp\u00e9titions nationales de natation et entra\u00eenements<br \/>Positionnement : goutti\u00e8res en tuiles ou en feuilles d&#8217;aluminium sur\u00e9lev\u00e9es, par exemple goutti\u00e8re finlandaise<br \/>Mat\u00e9riau : acier inoxydable V4A (1.4571), calotte et marche interm\u00e9diaire en&nbsp; fibres de verre&nbsp;<span>renforc\u00e9e<\/span><span>&nbsp;<\/span>&nbsp;(GfK)&nbsp;<\/p>\n","protected":false},"featured_media":10761,"template":"","meta":{"_acf_changed":false},"product_brand":[],"product_cat":[165],"product_tag":[],"class_list":{"0":"post-16572","1":"product","2":"type-product","3":"status-publish","4":"has-post-thumbnail","6":"product_cat-plot-de-depart","8":"first","9":"instock","10":"taxable","11":"shipping-taxable","12":"purchasable","13":"product-type-simple"},"acf":[],"_links":{"self":[{"href":"https:\/\/roigk.de\/fr\/wp-json\/wp\/v2\/product\/16572","targetHints":{"allow":["GET"]}}],"collection":[{"href":"https:\/\/roigk.de\/fr\/wp-json\/wp\/v2\/product"}],"about":[{"href":"https:\/\/roigk.de\/fr\/wp-json\/wp\/v2\/types\/product"}],"wp:featuredmedia":[{"embeddable":true,"href":"https:\/\/roigk.de\/fr\/wp-json\/wp\/v2\/media\/10761"}],"wp:attachment":[{"href":"https:\/\/roigk.de\/fr\/wp-json\/wp\/v2\/media?parent=16572"}],"wp:term":[{"taxonomy":"product_brand","embeddable":true,"href":"https:\/\/roigk.de\/fr\/wp-json\/wp\/v2\/product_brand?post=16572"},{"taxonomy":"product_cat","embeddable":true,"href":"https:\/\/roigk.de\/fr\/wp-json\/wp\/v2\/product_cat?post=16572"},{"taxonomy":"product_tag","embeddable":true,"href":"https:\/\/roigk.de\/fr\/wp-json\/wp\/v2\/product_tag?post=16572"}],"curies":[{"name":"wp","href":"https:\/\/api.w.org\/{rel}","templated":true}]}}