{"id":16574,"date":"2020-07-20T14:23:44","date_gmt":"2020-07-20T14:23:44","guid":{"rendered":"http:\/\/roigk.de\/produkt\/fina-plot-de-depart-r1680wvk\/"},"modified":"2026-01-21T08:23:56","modified_gmt":"2026-01-21T08:23:56","slug":"fina-plot-de-depart-r1680wvk","status":"publish","type":"product","link":"https:\/\/roigk.de\/fr\/fina-plot-de-depart-r1680wvk\/","title":{"rendered":"FINA Plot de d\u00e9part R1680WVK"},"content":{"rendered":"","protected":false},"excerpt":{"rendered":"<p>Comme le R1680W, mais avec une plot de d\u00e9part et un cale-pieds lat\u00e9ral extr\u00eamement r\u00e9sistants et r\u00e9glables sur 5 directions. Le mod\u00e8le haut de gamme est parfaitement adapt\u00e9 aux comp\u00e9titions de haut niveau.<\/p>\n<p>Dimensions : calotte d&#8217;environ 500 x 700 mm, marche interm\u00e9diaire lat\u00e9rale 500 x 300 mm<br \/>Groupe cible : Jeux olympiques et championnats du monde de natation<br \/>Positionnement : goutti\u00e8res en tuiles ou en feuilles d&#8217;aluminium sur\u00e9lev\u00e9es, par exemple une goutti\u00e8re finlandaise<\/p>\n","protected":false},"featured_media":8859,"template":"","meta":{"_acf_changed":false},"product_brand":[],"product_cat":[165],"product_tag":[],"class_list":{"0":"post-16574","1":"product","2":"type-product","3":"status-publish","4":"has-post-thumbnail","6":"product_cat-plot-de-depart","8":"first","9":"instock","10":"taxable","11":"shipping-taxable","12":"purchasable","13":"product-type-simple"},"acf":[],"_links":{"self":[{"href":"https:\/\/roigk.de\/fr\/wp-json\/wp\/v2\/product\/16574","targetHints":{"allow":["GET"]}}],"collection":[{"href":"https:\/\/roigk.de\/fr\/wp-json\/wp\/v2\/product"}],"about":[{"href":"https:\/\/roigk.de\/fr\/wp-json\/wp\/v2\/types\/product"}],"wp:featuredmedia":[{"embeddable":true,"href":"https:\/\/roigk.de\/fr\/wp-json\/wp\/v2\/media\/8859"}],"wp:attachment":[{"href":"https:\/\/roigk.de\/fr\/wp-json\/wp\/v2\/media?parent=16574"}],"wp:term":[{"taxonomy":"product_brand","embeddable":true,"href":"https:\/\/roigk.de\/fr\/wp-json\/wp\/v2\/product_brand?post=16574"},{"taxonomy":"product_cat","embeddable":true,"href":"https:\/\/roigk.de\/fr\/wp-json\/wp\/v2\/product_cat?post=16574"},{"taxonomy":"product_tag","embeddable":true,"href":"https:\/\/roigk.de\/fr\/wp-json\/wp\/v2\/product_tag?post=16574"}],"curies":[{"name":"wp","href":"https:\/\/api.w.org\/{rel}","templated":true}]}}