{"id":16576,"date":"2020-07-20T14:51:44","date_gmt":"2020-07-20T14:51:44","guid":{"rendered":"http:\/\/roigk.de\/produkt\/plot-de-depart-r1690w\/"},"modified":"2026-01-21T08:24:02","modified_gmt":"2026-01-21T08:24:02","slug":"plot-de-depart-r1690w","status":"publish","type":"product","link":"https:\/\/roigk.de\/fr\/plot-de-depart-r1690w\/","title":{"rendered":"Plot de d\u00e9part R1690W"},"content":{"rendered":"","protected":false},"excerpt":{"rendered":"<p>Ce plot de d\u00e9part en tube rond ouvert est particuli\u00e8rement adapt\u00e9e aux petites piscines locales qui n&#8217;ont pas <span>r\u00e9guli\u00e8rement&nbsp;<\/span>besoin de plot de d\u00e9part. Etant plac\u00e9 dans des douilles, il peut \u00eatre rapidement enlev\u00e9 et remont\u00e9 sans outils. Si n\u00e9cessaire, le plot de d\u00e9part peut \u00eatre facilement adapt\u00e9e sur mesure. La calotte, la prise de main et d&#8217;autres caract\u00e9ristiques sont similaires \u00e0 celles du R1680W.<\/p>\n<p>Dimensions : 850 x 500 mm<br \/>Client<span>\u00e8le&nbsp;<\/span>cible : cours sportifs scolaires et comp\u00e9titions scolaires de natation&nbsp;<br \/>Positionnement : adaptable \u00e0 presque tous les types de goutti\u00e8res<\/p>\n","protected":false},"featured_media":11106,"template":"","meta":{"_acf_changed":false},"product_brand":[],"product_cat":[165],"product_tag":[],"class_list":{"0":"post-16576","1":"product","2":"type-product","3":"status-publish","4":"has-post-thumbnail","6":"product_cat-plot-de-depart","8":"first","9":"instock","10":"taxable","11":"shipping-taxable","12":"purchasable","13":"product-type-simple"},"acf":[],"_links":{"self":[{"href":"https:\/\/roigk.de\/fr\/wp-json\/wp\/v2\/product\/16576","targetHints":{"allow":["GET"]}}],"collection":[{"href":"https:\/\/roigk.de\/fr\/wp-json\/wp\/v2\/product"}],"about":[{"href":"https:\/\/roigk.de\/fr\/wp-json\/wp\/v2\/types\/product"}],"wp:featuredmedia":[{"embeddable":true,"href":"https:\/\/roigk.de\/fr\/wp-json\/wp\/v2\/media\/11106"}],"wp:attachment":[{"href":"https:\/\/roigk.de\/fr\/wp-json\/wp\/v2\/media?parent=16576"}],"wp:term":[{"taxonomy":"product_brand","embeddable":true,"href":"https:\/\/roigk.de\/fr\/wp-json\/wp\/v2\/product_brand?post=16576"},{"taxonomy":"product_cat","embeddable":true,"href":"https:\/\/roigk.de\/fr\/wp-json\/wp\/v2\/product_cat?post=16576"},{"taxonomy":"product_tag","embeddable":true,"href":"https:\/\/roigk.de\/fr\/wp-json\/wp\/v2\/product_tag?post=16576"}],"curies":[{"name":"wp","href":"https:\/\/api.w.org\/{rel}","templated":true}]}}