{"id":16580,"date":"2020-07-20T14:24:04","date_gmt":"2020-07-20T14:24:04","guid":{"rendered":"http:\/\/roigk.de\/produkt\/fina-plot-de-depart-r1699wk\/"},"modified":"2026-01-21T08:24:16","modified_gmt":"2026-01-21T08:24:16","slug":"fina-plot-de-depart-r1699wk","status":"publish","type":"product","link":"https:\/\/roigk.de\/fr\/fina-plot-de-depart-r1699wk\/","title":{"rendered":"FINA Plot de d\u00e9part R1699WK"},"content":{"rendered":"","protected":false},"excerpt":{"rendered":"<p>Identique au R1680W, mais avec calotte fixe et marche lat\u00e9rale et sur une colonne carr\u00e9e soud\u00e9e et pli\u00e9e au centre pour le soudage dans des rigoles en acier inoxydable.<\/p>\n<p>Dimensions : zone de d\u00e9collage avec cale 500 x 690 mm (cale de d\u00e9part environ 500 x 250 mm), marche lat\u00e9rale interm\u00e9diaire environ 500 x 300 mm<br \/>Client\u00e8le cible : comp\u00e9titions de haut niveau et entra\u00eenements<br \/>Positionnement : principalement pour piscines en acier inoxydable<\/p>\n","protected":false},"featured_media":8890,"template":"","meta":{"_acf_changed":false},"product_brand":[],"product_cat":[165],"product_tag":[],"class_list":{"0":"post-16580","1":"product","2":"type-product","3":"status-publish","4":"has-post-thumbnail","6":"product_cat-plot-de-depart","8":"first","9":"instock","10":"taxable","11":"shipping-taxable","12":"purchasable","13":"product-type-simple"},"acf":[],"_links":{"self":[{"href":"https:\/\/roigk.de\/fr\/wp-json\/wp\/v2\/product\/16580","targetHints":{"allow":["GET"]}}],"collection":[{"href":"https:\/\/roigk.de\/fr\/wp-json\/wp\/v2\/product"}],"about":[{"href":"https:\/\/roigk.de\/fr\/wp-json\/wp\/v2\/types\/product"}],"wp:featuredmedia":[{"embeddable":true,"href":"https:\/\/roigk.de\/fr\/wp-json\/wp\/v2\/media\/8890"}],"wp:attachment":[{"href":"https:\/\/roigk.de\/fr\/wp-json\/wp\/v2\/media?parent=16580"}],"wp:term":[{"taxonomy":"product_brand","embeddable":true,"href":"https:\/\/roigk.de\/fr\/wp-json\/wp\/v2\/product_brand?post=16580"},{"taxonomy":"product_cat","embeddable":true,"href":"https:\/\/roigk.de\/fr\/wp-json\/wp\/v2\/product_cat?post=16580"},{"taxonomy":"product_tag","embeddable":true,"href":"https:\/\/roigk.de\/fr\/wp-json\/wp\/v2\/product_tag?post=16580"}],"curies":[{"name":"wp","href":"https:\/\/api.w.org\/{rel}","templated":true}]}}