{"id":16582,"date":"2020-07-20T14:24:16","date_gmt":"2020-07-20T14:24:16","guid":{"rendered":"http:\/\/roigk.de\/produkt\/fina-plot-de-depart-r1699wvk\/"},"modified":"2026-01-21T08:24:24","modified_gmt":"2026-01-21T08:24:24","slug":"fina-plot-de-depart-r1699wvk","status":"publish","type":"product","link":"https:\/\/roigk.de\/fr\/fina-plot-de-depart-r1699wvk\/","title":{"rendered":"FINA Plot de d\u00e9part R1699WVK"},"content":{"rendered":"","protected":false},"excerpt":{"rendered":"<p>Identique au R1680W, mais avec une calotte tr<span>\u00e8s r\u00e9sistante<\/span>, r\u00e9glable sur 5 directions, un marchepied lat\u00e9ral et une colonne carr\u00e9e soud\u00e9e, pli\u00e9e au centre, pour le soudage dans les goutti\u00e8res en acier inoxydable. Le mod\u00e8le haut de gamme est parfaitement adapt\u00e9 aux comp\u00e9titions internationales.&nbsp;<\/p>\n<p>Dimensions : Capot de saut d&#8217;environ 500 x 700 mm, marche interm\u00e9diaire lat\u00e9rale 500 x 300 mm<br \/>Client<span>\u00e8le&nbsp;<\/span>cible : Jeux olympiques et championnats de natation<br \/>Positionnement : piscines en acier inoxydable<\/p>\n","protected":false},"featured_media":8899,"template":"","meta":{"_acf_changed":false},"product_brand":[],"product_cat":[165],"product_tag":[],"class_list":{"0":"post-16582","1":"product","2":"type-product","3":"status-publish","4":"has-post-thumbnail","6":"product_cat-plot-de-depart","8":"first","9":"instock","10":"taxable","11":"shipping-taxable","12":"purchasable","13":"product-type-simple"},"acf":[],"_links":{"self":[{"href":"https:\/\/roigk.de\/fr\/wp-json\/wp\/v2\/product\/16582","targetHints":{"allow":["GET"]}}],"collection":[{"href":"https:\/\/roigk.de\/fr\/wp-json\/wp\/v2\/product"}],"about":[{"href":"https:\/\/roigk.de\/fr\/wp-json\/wp\/v2\/types\/product"}],"wp:featuredmedia":[{"embeddable":true,"href":"https:\/\/roigk.de\/fr\/wp-json\/wp\/v2\/media\/8899"}],"wp:attachment":[{"href":"https:\/\/roigk.de\/fr\/wp-json\/wp\/v2\/media?parent=16582"}],"wp:term":[{"taxonomy":"product_brand","embeddable":true,"href":"https:\/\/roigk.de\/fr\/wp-json\/wp\/v2\/product_brand?post=16582"},{"taxonomy":"product_cat","embeddable":true,"href":"https:\/\/roigk.de\/fr\/wp-json\/wp\/v2\/product_cat?post=16582"},{"taxonomy":"product_tag","embeddable":true,"href":"https:\/\/roigk.de\/fr\/wp-json\/wp\/v2\/product_tag?post=16582"}],"curies":[{"name":"wp","href":"https:\/\/api.w.org\/{rel}","templated":true}]}}