{"id":16616,"date":"2020-07-20T14:41:23","date_gmt":"2020-07-20T14:41:23","guid":{"rendered":"http:\/\/roigk.de\/produkt\/voie-des-nageurs-debutants-50-m-r202021-50-arcs-de-ligne\/"},"modified":"2026-01-21T08:25:19","modified_gmt":"2026-01-21T08:25:19","slug":"voie-des-nageurs-debutants-50-m-r202021-50-arcs-de-ligne","status":"publish","type":"product","link":"https:\/\/roigk.de\/fr\/voie-des-nageurs-debutants-50-m-r202021-50-arcs-de-ligne\/","title":{"rendered":"Voie des nageurs d\u00e9butants 50 m R202021-50 (arcs de ligne)"},"content":{"rendered":"","protected":false},"excerpt":{"rendered":"<p>Facilite la nage en couloir aux &#8220;heures de pointe&#8221; en tant que syst\u00e8me de voie \u00e0 sens unique, de sorte que sur deux couloirs, vous pouvez toujours nager en cercle \u00e0 travers des arcs de lignes et donc aucun trafic en sens inverse n&#8217;est cr\u00e9\u00e9. Constitu\u00e9 de deux supports en tube rond roul\u00e9 dans une belle forme avec une ligne de coupe-vagues R771165, avec un tendeur entre les deux. Pour l&#8217;insertion dans les douilles de sol qui sont souvent d\u00e9j\u00e0 pr\u00e9sentes.<\/p>\n<p>Mat\u00e9riau : acier inoxydable V4A (1.4571)<br \/>Ouverture de passage : environ 1 800 mm<br \/>longueur : 50 m ou longueur sp\u00e9ciale<\/p>\n","protected":false},"featured_media":10250,"template":"","meta":{"_acf_changed":false},"product_brand":[],"product_cat":[158],"product_tag":[],"class_list":{"0":"post-16616","1":"product","2":"type-product","3":"status-publish","4":"has-post-thumbnail","6":"product_cat-lignes-de-nage-lignes-de-separation-et-douilles-de-sol","8":"first","9":"instock","10":"taxable","11":"shipping-taxable","12":"purchasable","13":"product-type-simple"},"acf":[],"_links":{"self":[{"href":"https:\/\/roigk.de\/fr\/wp-json\/wp\/v2\/product\/16616","targetHints":{"allow":["GET"]}}],"collection":[{"href":"https:\/\/roigk.de\/fr\/wp-json\/wp\/v2\/product"}],"about":[{"href":"https:\/\/roigk.de\/fr\/wp-json\/wp\/v2\/types\/product"}],"wp:featuredmedia":[{"embeddable":true,"href":"https:\/\/roigk.de\/fr\/wp-json\/wp\/v2\/media\/10250"}],"wp:attachment":[{"href":"https:\/\/roigk.de\/fr\/wp-json\/wp\/v2\/media?parent=16616"}],"wp:term":[{"taxonomy":"product_brand","embeddable":true,"href":"https:\/\/roigk.de\/fr\/wp-json\/wp\/v2\/product_brand?post=16616"},{"taxonomy":"product_cat","embeddable":true,"href":"https:\/\/roigk.de\/fr\/wp-json\/wp\/v2\/product_cat?post=16616"},{"taxonomy":"product_tag","embeddable":true,"href":"https:\/\/roigk.de\/fr\/wp-json\/wp\/v2\/product_tag?post=16616"}],"curies":[{"name":"wp","href":"https:\/\/api.w.org\/{rel}","templated":true}]}}