{"id":16625,"date":"2021-01-19T22:32:17","date_gmt":"2021-01-19T22:32:17","guid":{"rendered":"http:\/\/roigk.de\/produkt\/toboggan-large-a-rebonds-sans-joints-fibre-de-verre-r153-20\/"},"modified":"2026-01-21T08:25:25","modified_gmt":"2026-01-21T08:25:25","slug":"toboggan-large-a-rebonds-sans-joints-fibre-de-verre-r153-20","status":"publish","type":"product","link":"https:\/\/roigk.de\/fr\/toboggan-large-a-rebonds-sans-joints-fibre-de-verre-r153-20\/","title":{"rendered":"Toboggan large \u00e0 rebonds sans joints, fibre de verre R153-20"},"content":{"rendered":"","protected":false},"excerpt":{"rendered":"<p>Gr\u00e2ce \u00e0 sa construction en un seul \u00e9l\u00e9ment en fibre de verre, ce toboggan ne n\u00e9cessite pratiquement pas d&rsquo;entretien, car il est ainsi compl\u00e8tement d\u00e9pourvu de joints en fibre de verre. Le large toboggan plat avec un l\u00e9ger rebond fait le bonheur des petits et des grands enfants, mais aussi des adultes et des grands-parents. L&rsquo;ossature peut \u00eatre choisie en acier ou en acier inoxydable. Pour une s\u00e9curit\u00e9 encore plus grande, il est possible de choisir un escalier de s\u00e9curit\u00e9 avec de grandes marches enti\u00e8rement ferm\u00e9es et une main courante double en acier inoxydable adapt\u00e9e aux enfants. <\/p>\n<p>Classification selon la norme DIN : type 1.2<br \/>Couleur : jaune ou couleurs sp\u00e9ciales<br \/>Dimensions (L\/L\/H) : env. 6700 x 2.600 x 2.950 mm<br \/>Hauteur de la plate-forme : 1.950 mm<br \/>D\u00e9bit d&rsquo;eau : env. 1000 l\/min ou 60 m\u00b3\/h<br \/>Mat\u00e9riaux : plastique renforc\u00e9 de fibres de verre (GRP), acier inoxydable V4A (1.4571)<br \/>Groupe cible : familles de tous \u00e2ges<br \/>Positionnement : au bord du bassin avec WT = \u00e0 partir d&rsquo;env. 900 mm<\/p>\n","protected":false},"featured_media":16619,"template":"","meta":{"_acf_changed":false},"product_brand":[],"product_cat":[191],"product_tag":[],"class_list":{"0":"post-16625","1":"product","2":"type-product","3":"status-publish","4":"has-post-thumbnail","6":"product_cat-toboggans-aquatiques-rapides-et-colores","8":"first","9":"instock","10":"taxable","11":"shipping-taxable","12":"purchasable","13":"product-type-simple"},"acf":[],"_links":{"self":[{"href":"https:\/\/roigk.de\/fr\/wp-json\/wp\/v2\/product\/16625","targetHints":{"allow":["GET"]}}],"collection":[{"href":"https:\/\/roigk.de\/fr\/wp-json\/wp\/v2\/product"}],"about":[{"href":"https:\/\/roigk.de\/fr\/wp-json\/wp\/v2\/types\/product"}],"wp:featuredmedia":[{"embeddable":true,"href":"https:\/\/roigk.de\/fr\/wp-json\/wp\/v2\/media\/16619"}],"wp:attachment":[{"href":"https:\/\/roigk.de\/fr\/wp-json\/wp\/v2\/media?parent=16625"}],"wp:term":[{"taxonomy":"product_brand","embeddable":true,"href":"https:\/\/roigk.de\/fr\/wp-json\/wp\/v2\/product_brand?post=16625"},{"taxonomy":"product_cat","embeddable":true,"href":"https:\/\/roigk.de\/fr\/wp-json\/wp\/v2\/product_cat?post=16625"},{"taxonomy":"product_tag","embeddable":true,"href":"https:\/\/roigk.de\/fr\/wp-json\/wp\/v2\/product_tag?post=16625"}],"curies":[{"name":"wp","href":"https:\/\/api.w.org\/{rel}","templated":true}]}}