{"id":16635,"date":"2020-07-21T13:00:27","date_gmt":"2020-07-21T13:00:27","guid":{"rendered":"http:\/\/roigk.de\/produkt\/rail-de-vestiaire-r771118\/"},"modified":"2026-01-21T08:25:57","modified_gmt":"2026-01-21T08:25:57","slug":"rail-de-vestiaire-r771118","status":"publish","type":"product","link":"https:\/\/roigk.de\/fr\/rail-de-vestiaire-r771118\/","title":{"rendered":"Rail de vestiaire R771118"},"content":{"rendered":"","protected":false},"excerpt":{"rendered":"<p>Avec \u00e9tag\u00e8re et crochet \u00e0 serviette<\/p>\n<p>Longueur : au choix (jusqu&#8217;\u00e0 3 m)<br \/>Profondeur : 150 mm<br \/>Distance entre les crochets : 200 mm, environ 6 crochets\/m (peuvent \u00eatre fabriqu\u00e9s individuellement)<br \/>Mat\u00e9riau : acier inoxydable V4A (1.4571) K400 poli<br \/>Mat\u00e9riel de montage <span>inclus <\/span><b><\/b><i><\/i><\/p>\n","protected":false},"featured_media":12294,"template":"","meta":{"_acf_changed":false},"product_brand":[],"product_cat":[192],"product_tag":[],"class_list":{"0":"post-16635","1":"product","2":"type-product","3":"status-publish","4":"has-post-thumbnail","6":"product_cat-bien-etre-bain-de-pieds-bancs-chauffants-et-douches-murales-economes-en-eau","8":"first","9":"instock","10":"taxable","11":"shipping-taxable","12":"purchasable","13":"product-type-simple"},"acf":[],"_links":{"self":[{"href":"https:\/\/roigk.de\/fr\/wp-json\/wp\/v2\/product\/16635","targetHints":{"allow":["GET"]}}],"collection":[{"href":"https:\/\/roigk.de\/fr\/wp-json\/wp\/v2\/product"}],"about":[{"href":"https:\/\/roigk.de\/fr\/wp-json\/wp\/v2\/types\/product"}],"wp:featuredmedia":[{"embeddable":true,"href":"https:\/\/roigk.de\/fr\/wp-json\/wp\/v2\/media\/12294"}],"wp:attachment":[{"href":"https:\/\/roigk.de\/fr\/wp-json\/wp\/v2\/media?parent=16635"}],"wp:term":[{"taxonomy":"product_brand","embeddable":true,"href":"https:\/\/roigk.de\/fr\/wp-json\/wp\/v2\/product_brand?post=16635"},{"taxonomy":"product_cat","embeddable":true,"href":"https:\/\/roigk.de\/fr\/wp-json\/wp\/v2\/product_cat?post=16635"},{"taxonomy":"product_tag","embeddable":true,"href":"https:\/\/roigk.de\/fr\/wp-json\/wp\/v2\/product_tag?post=16635"}],"curies":[{"name":"wp","href":"https:\/\/api.w.org\/{rel}","templated":true}]}}