{"id":16637,"date":"2020-07-20T14:45:32","date_gmt":"2020-07-20T14:45:32","guid":{"rendered":"http:\/\/roigk.de\/produkt\/e-amortisseur-de-bruit-fibre-de-verre-renforcee-r32-gfk-pour-les-anciens-systemes-de-voute\/"},"modified":"2026-01-21T08:26:02","modified_gmt":"2026-01-21T08:26:02","slug":"e-amortisseur-de-bruit-fibre-de-verre-renforcee-r32-gfk-pour-les-anciens-systemes-de-voute","status":"publish","type":"product","link":"https:\/\/roigk.de\/fr\/e-amortisseur-de-bruit-fibre-de-verre-renforcee-r32-gfk-pour-les-anciens-systemes-de-voute\/","title":{"rendered":"E# Amortisseur de bruit fibre de verre renforc\u00e9e R32-GFK (pour les anciens syst\u00e8mes de vo\u00fbte)"},"content":{"rendered":"","protected":false},"excerpt":{"rendered":"<p><span>pour les anciennes installations<\/span><br \/><span>Mat\u00e9riel : fibre de verre renforc\u00e9e<\/span><b><\/b><i><\/i><\/p>\n","protected":false},"featured_media":10624,"template":"","meta":{"_acf_changed":false},"product_brand":[],"product_cat":[147],"product_tag":[],"class_list":{"0":"post-16637","1":"product","2":"type-product","3":"status-publish","4":"has-post-thumbnail","6":"product_cat-plongeoirs-pieces-detachees","8":"first","9":"instock","10":"taxable","11":"shipping-taxable","12":"purchasable","13":"product-type-simple"},"acf":[],"_links":{"self":[{"href":"https:\/\/roigk.de\/fr\/wp-json\/wp\/v2\/product\/16637","targetHints":{"allow":["GET"]}}],"collection":[{"href":"https:\/\/roigk.de\/fr\/wp-json\/wp\/v2\/product"}],"about":[{"href":"https:\/\/roigk.de\/fr\/wp-json\/wp\/v2\/types\/product"}],"wp:featuredmedia":[{"embeddable":true,"href":"https:\/\/roigk.de\/fr\/wp-json\/wp\/v2\/media\/10624"}],"wp:attachment":[{"href":"https:\/\/roigk.de\/fr\/wp-json\/wp\/v2\/media?parent=16637"}],"wp:term":[{"taxonomy":"product_brand","embeddable":true,"href":"https:\/\/roigk.de\/fr\/wp-json\/wp\/v2\/product_brand?post=16637"},{"taxonomy":"product_cat","embeddable":true,"href":"https:\/\/roigk.de\/fr\/wp-json\/wp\/v2\/product_cat?post=16637"},{"taxonomy":"product_tag","embeddable":true,"href":"https:\/\/roigk.de\/fr\/wp-json\/wp\/v2\/product_tag?post=16637"}],"curies":[{"name":"wp","href":"https:\/\/api.w.org\/{rel}","templated":true}]}}