{"id":16639,"date":"2020-07-20T15:27:18","date_gmt":"2020-07-20T15:27:18","guid":{"rendered":"http:\/\/roigk.de\/produkt\/z-amortisseur-de-bruit-en-acier-inoxydable-r32-pour-plongeoirs\/"},"modified":"2026-01-21T08:26:10","modified_gmt":"2026-01-21T08:26:10","slug":"z-amortisseur-de-bruit-en-acier-inoxydable-r32-pour-plongeoirs","status":"publish","type":"product","link":"https:\/\/roigk.de\/fr\/z-amortisseur-de-bruit-en-acier-inoxydable-r32-pour-plongeoirs\/","title":{"rendered":"Z# Amortisseur de bruit en acier inoxydable R32 (pour plongeoirs)"},"content":{"rendered":"","protected":false},"excerpt":{"rendered":"<p>Pour r\u00e9duire le bruit jusqu&#8217;\u00e0 90 % et prot\u00e9ger le plongeoir. L&#8217;amortisseur est fortement recommand\u00e9, en particulier dans les piscines int\u00e9rieures.&nbsp;<\/p>\n<p>Mat\u00e9riau : acier inoxydable V4A (1.4571) rev\u00eatu de poudre pour une meilleure r\u00e9sistance \u00e0 la corrosion<br \/>Distance du trou de forage Montage au sol : 600 mm<\/p>\n","protected":false},"featured_media":12160,"template":"","meta":{"_acf_changed":false},"product_brand":[],"product_cat":[161],"product_tag":[],"class_list":{"0":"post-16639","1":"product","2":"type-product","3":"status-publish","4":"has-post-thumbnail","6":"product_cat-plongeoirs","8":"first","9":"instock","10":"taxable","11":"shipping-taxable","12":"purchasable","13":"product-type-simple"},"acf":[],"_links":{"self":[{"href":"https:\/\/roigk.de\/fr\/wp-json\/wp\/v2\/product\/16639","targetHints":{"allow":["GET"]}}],"collection":[{"href":"https:\/\/roigk.de\/fr\/wp-json\/wp\/v2\/product"}],"about":[{"href":"https:\/\/roigk.de\/fr\/wp-json\/wp\/v2\/types\/product"}],"wp:featuredmedia":[{"embeddable":true,"href":"https:\/\/roigk.de\/fr\/wp-json\/wp\/v2\/media\/12160"}],"wp:attachment":[{"href":"https:\/\/roigk.de\/fr\/wp-json\/wp\/v2\/media?parent=16639"}],"wp:term":[{"taxonomy":"product_brand","embeddable":true,"href":"https:\/\/roigk.de\/fr\/wp-json\/wp\/v2\/product_brand?post=16639"},{"taxonomy":"product_cat","embeddable":true,"href":"https:\/\/roigk.de\/fr\/wp-json\/wp\/v2\/product_cat?post=16639"},{"taxonomy":"product_tag","embeddable":true,"href":"https:\/\/roigk.de\/fr\/wp-json\/wp\/v2\/product_tag?post=16639"}],"curies":[{"name":"wp","href":"https:\/\/api.w.org\/{rel}","templated":true}]}}