{"id":16641,"date":"2020-07-20T15:17:06","date_gmt":"2020-07-20T15:17:06","guid":{"rendered":"http:\/\/roigk.de\/produkt\/z-ferme-panneau-r771155-pour-les-echelles-de-plongeoir\/"},"modified":"2026-01-21T08:26:18","modified_gmt":"2026-01-21T08:26:18","slug":"z-ferme-panneau-r771155-pour-les-echelles-de-plongeoir","status":"publish","type":"product","link":"https:\/\/roigk.de\/fr\/z-ferme-panneau-r771155-pour-les-echelles-de-plongeoir\/","title":{"rendered":"Z# \u00a0\u00bb FERM\u00c9 \u00a0\u00bb panneau R771155 (pour les \u00e9chelles de plongeoir)"},"content":{"rendered":"","protected":false},"excerpt":{"rendered":"<p>Avec l&#8217;autocollant &#8221; FERM\u00c9 &#8221; et deux crochets pour l&#8217;accrochage dans les \u00e9chelles des plateformes de plong\u00e9e.<\/p>\n<p>Dimensions : 500 x 500 mm<br \/>Epaisseur : 2 mm<br \/>Mat\u00e9riau : acier inoxydable V4A (1.4571)&nbsp;<\/p>\n","protected":false},"featured_media":11596,"template":"","meta":{"_acf_changed":false},"product_brand":[],"product_cat":[147],"product_tag":[],"class_list":{"0":"post-16641","1":"product","2":"type-product","3":"status-publish","4":"has-post-thumbnail","6":"product_cat-plongeoirs-pieces-detachees","8":"first","9":"instock","10":"taxable","11":"shipping-taxable","12":"purchasable","13":"product-type-simple"},"acf":[],"_links":{"self":[{"href":"https:\/\/roigk.de\/fr\/wp-json\/wp\/v2\/product\/16641","targetHints":{"allow":["GET"]}}],"collection":[{"href":"https:\/\/roigk.de\/fr\/wp-json\/wp\/v2\/product"}],"about":[{"href":"https:\/\/roigk.de\/fr\/wp-json\/wp\/v2\/types\/product"}],"wp:featuredmedia":[{"embeddable":true,"href":"https:\/\/roigk.de\/fr\/wp-json\/wp\/v2\/media\/11596"}],"wp:attachment":[{"href":"https:\/\/roigk.de\/fr\/wp-json\/wp\/v2\/media?parent=16641"}],"wp:term":[{"taxonomy":"product_brand","embeddable":true,"href":"https:\/\/roigk.de\/fr\/wp-json\/wp\/v2\/product_brand?post=16641"},{"taxonomy":"product_cat","embeddable":true,"href":"https:\/\/roigk.de\/fr\/wp-json\/wp\/v2\/product_cat?post=16641"},{"taxonomy":"product_tag","embeddable":true,"href":"https:\/\/roigk.de\/fr\/wp-json\/wp\/v2\/product_tag?post=16641"}],"curies":[{"name":"wp","href":"https:\/\/api.w.org\/{rel}","templated":true}]}}