{"id":16647,"date":"2020-07-20T14:21:58","date_gmt":"2020-07-20T14:21:58","guid":{"rendered":"http:\/\/roigk.de\/produkt\/banc-r200601ow-sans-caloduc\/"},"modified":"2026-01-21T08:26:45","modified_gmt":"2026-01-21T08:26:45","slug":"banc-r200601ow-sans-caloduc","status":"publish","type":"product","link":"https:\/\/roigk.de\/fr\/banc-r200601ow-sans-caloduc\/","title":{"rendered":"Banc R200601OW (sans caloduc)"},"content":{"rendered":"","protected":false},"excerpt":{"rendered":"<p>Banc design Bauhaus attrayant. Fixations au sol disponibles en option avec brides d&#8217;\u00e9tanch\u00e9it\u00e9.<\/p>\n<p>Couleur: gris ardoise RAL 7015 ou couleur sp\u00e9ciale<\/p>\n<p>Taille: 2400 x 400 x 400 mm<\/p>\n<p>Mat\u00e9riau: plastique renforc\u00e9 de fibre de verre<\/p>\n","protected":false},"featured_media":28836,"template":"","meta":{"_acf_changed":false},"product_brand":[],"product_cat":[307],"product_tag":[],"class_list":{"0":"post-16647","1":"product","2":"type-product","3":"status-publish","4":"has-post-thumbnail","6":"product_cat-bancs-chauffants","8":"first","9":"instock","10":"taxable","11":"shipping-taxable","12":"purchasable","13":"product-type-simple"},"acf":[],"_links":{"self":[{"href":"https:\/\/roigk.de\/fr\/wp-json\/wp\/v2\/product\/16647","targetHints":{"allow":["GET"]}}],"collection":[{"href":"https:\/\/roigk.de\/fr\/wp-json\/wp\/v2\/product"}],"about":[{"href":"https:\/\/roigk.de\/fr\/wp-json\/wp\/v2\/types\/product"}],"wp:featuredmedia":[{"embeddable":true,"href":"https:\/\/roigk.de\/fr\/wp-json\/wp\/v2\/media\/28836"}],"wp:attachment":[{"href":"https:\/\/roigk.de\/fr\/wp-json\/wp\/v2\/media?parent=16647"}],"wp:term":[{"taxonomy":"product_brand","embeddable":true,"href":"https:\/\/roigk.de\/fr\/wp-json\/wp\/v2\/product_brand?post=16647"},{"taxonomy":"product_cat","embeddable":true,"href":"https:\/\/roigk.de\/fr\/wp-json\/wp\/v2\/product_cat?post=16647"},{"taxonomy":"product_tag","embeddable":true,"href":"https:\/\/roigk.de\/fr\/wp-json\/wp\/v2\/product_tag?post=16647"}],"curies":[{"name":"wp","href":"https:\/\/api.w.org\/{rel}","templated":true}]}}