{"id":16649,"date":"2020-07-20T15:07:33","date_gmt":"2020-07-20T15:07:33","guid":{"rendered":"http:\/\/roigk.de\/produkt\/banc-chauffant-r200601\/"},"modified":"2026-01-21T08:26:51","modified_gmt":"2026-01-21T08:26:51","slug":"banc-chauffant-r200601","status":"publish","type":"product","link":"https:\/\/roigk.de\/fr\/banc-chauffant-r200601\/","title":{"rendered":"Banc chauffant R200601"},"content":{"rendered":"","protected":false},"excerpt":{"rendered":"<p>Des bancs au design minimaliste cubiste. Ces bancs sont particuli\u00e8rement appr\u00e9ci\u00e9s aux abords des pataugeoires ou le long des bassins de nage pour se r\u00e9chauffer entre deux comp\u00e9tition. Ces bancs sont livrables sans corps chauffant sur demande.<\/p>\n<p>Couleur : anthracite RAL 7015 ou couleur sp\u00e9ciale \u00e0 choix<br \/>Dimensions : 2.400 x 400 x 400 mm ou 3.000 x 480 x 500 mm<br \/>Mati\u00e8re : fibre de verre renforc\u00e9e<\/p>\n","protected":false},"featured_media":27962,"template":"","meta":{"_acf_changed":false},"product_brand":[],"product_cat":[307],"product_tag":[],"class_list":{"0":"post-16649","1":"product","2":"type-product","3":"status-publish","4":"has-post-thumbnail","6":"product_cat-bancs-chauffants","8":"first","9":"instock","10":"taxable","11":"shipping-taxable","12":"purchasable","13":"product-type-simple"},"acf":[],"_links":{"self":[{"href":"https:\/\/roigk.de\/fr\/wp-json\/wp\/v2\/product\/16649","targetHints":{"allow":["GET"]}}],"collection":[{"href":"https:\/\/roigk.de\/fr\/wp-json\/wp\/v2\/product"}],"about":[{"href":"https:\/\/roigk.de\/fr\/wp-json\/wp\/v2\/types\/product"}],"wp:featuredmedia":[{"embeddable":true,"href":"https:\/\/roigk.de\/fr\/wp-json\/wp\/v2\/media\/27962"}],"wp:attachment":[{"href":"https:\/\/roigk.de\/fr\/wp-json\/wp\/v2\/media?parent=16649"}],"wp:term":[{"taxonomy":"product_brand","embeddable":true,"href":"https:\/\/roigk.de\/fr\/wp-json\/wp\/v2\/product_brand?post=16649"},{"taxonomy":"product_cat","embeddable":true,"href":"https:\/\/roigk.de\/fr\/wp-json\/wp\/v2\/product_cat?post=16649"},{"taxonomy":"product_tag","embeddable":true,"href":"https:\/\/roigk.de\/fr\/wp-json\/wp\/v2\/product_tag?post=16649"}],"curies":[{"name":"wp","href":"https:\/\/api.w.org\/{rel}","templated":true}]}}