{"id":16651,"date":"2020-07-20T15:11:36","date_gmt":"2020-07-20T15:11:36","guid":{"rendered":"http:\/\/roigk.de\/produkt\/banc-chaud-r200601-3000\/"},"modified":"2026-01-21T08:26:56","modified_gmt":"2026-01-21T08:26:56","slug":"banc-chaud-r200601-3000","status":"publish","type":"product","link":"https:\/\/roigk.de\/fr\/banc-chaud-r200601-3000\/","title":{"rendered":"Banc chaud R200601-3000"},"content":{"rendered":"","protected":false},"excerpt":{"rendered":"<p>Si\u00e8ges agr\u00e9ablement chauds dans un design Bauhaus attrayant. Surtout dans l\u2019espace enfants pour les parents ou pour les nageurs pour ainsi rester au chaud entre les comp\u00e9titions. Fixations au sol disponibles en option avec brides d\u2019\u00e9tanch\u00e9it\u00e9.<\/p>\n<p>Couleur: gris ardoise RAL 7015 ou couleur sp\u00e9ciale<br \/>Taille: 3000 x 480 x 500 mm<br \/>Mat\u00e9riau: plastique renforc\u00e9 de fibre de verre<\/p>\n","protected":false},"featured_media":28848,"template":"","meta":{"_acf_changed":false},"product_brand":[],"product_cat":[307],"product_tag":[],"class_list":{"0":"post-16651","1":"product","2":"type-product","3":"status-publish","4":"has-post-thumbnail","6":"product_cat-bancs-chauffants","8":"first","9":"instock","10":"taxable","11":"shipping-taxable","12":"purchasable","13":"product-type-simple"},"acf":[],"_links":{"self":[{"href":"https:\/\/roigk.de\/fr\/wp-json\/wp\/v2\/product\/16651","targetHints":{"allow":["GET"]}}],"collection":[{"href":"https:\/\/roigk.de\/fr\/wp-json\/wp\/v2\/product"}],"about":[{"href":"https:\/\/roigk.de\/fr\/wp-json\/wp\/v2\/types\/product"}],"wp:featuredmedia":[{"embeddable":true,"href":"https:\/\/roigk.de\/fr\/wp-json\/wp\/v2\/media\/28848"}],"wp:attachment":[{"href":"https:\/\/roigk.de\/fr\/wp-json\/wp\/v2\/media?parent=16651"}],"wp:term":[{"taxonomy":"product_brand","embeddable":true,"href":"https:\/\/roigk.de\/fr\/wp-json\/wp\/v2\/product_brand?post=16651"},{"taxonomy":"product_cat","embeddable":true,"href":"https:\/\/roigk.de\/fr\/wp-json\/wp\/v2\/product_cat?post=16651"},{"taxonomy":"product_tag","embeddable":true,"href":"https:\/\/roigk.de\/fr\/wp-json\/wp\/v2\/product_tag?post=16651"}],"curies":[{"name":"wp","href":"https:\/\/api.w.org\/{rel}","templated":true}]}}