{"id":16653,"date":"2020-07-20T14:31:57","date_gmt":"2020-07-20T14:31:57","guid":{"rendered":"http:\/\/roigk.de\/produkt\/banc-r200601-3000ow-sans-caloduc\/"},"modified":"2026-01-21T08:27:43","modified_gmt":"2026-01-21T08:27:43","slug":"banc-r200601-3000ow-sans-caloduc","status":"publish","type":"product","link":"https:\/\/roigk.de\/fr\/banc-r200601-3000ow-sans-caloduc\/","title":{"rendered":"Banc R200601-3000OW (sans caloduc)"},"content":{"rendered":"","protected":false},"excerpt":{"rendered":"<p>Banc design Bauhaus attrayant. Fixations au sol disponibles en option avec brides d&#8217;\u00e9tanch\u00e9it\u00e9.<\/p>\n<p>Couleur: gris ardoise RAL 7015 ou couleur sp\u00e9ciale<\/p>\n<p>Taille: 3000 x 480 x 500 mm<\/p>\n<p>Mat\u00e9riau: plastique renforc\u00e9 de fibre de verre<\/p>\n","protected":false},"featured_media":28857,"template":"","meta":{"_acf_changed":false},"product_brand":[],"product_cat":[307],"product_tag":[],"class_list":{"0":"post-16653","1":"product","2":"type-product","3":"status-publish","4":"has-post-thumbnail","6":"product_cat-bancs-chauffants","8":"first","9":"instock","10":"taxable","11":"shipping-taxable","12":"purchasable","13":"product-type-simple"},"acf":[],"_links":{"self":[{"href":"https:\/\/roigk.de\/fr\/wp-json\/wp\/v2\/product\/16653","targetHints":{"allow":["GET"]}}],"collection":[{"href":"https:\/\/roigk.de\/fr\/wp-json\/wp\/v2\/product"}],"about":[{"href":"https:\/\/roigk.de\/fr\/wp-json\/wp\/v2\/types\/product"}],"wp:featuredmedia":[{"embeddable":true,"href":"https:\/\/roigk.de\/fr\/wp-json\/wp\/v2\/media\/28857"}],"wp:attachment":[{"href":"https:\/\/roigk.de\/fr\/wp-json\/wp\/v2\/media?parent=16653"}],"wp:term":[{"taxonomy":"product_brand","embeddable":true,"href":"https:\/\/roigk.de\/fr\/wp-json\/wp\/v2\/product_brand?post=16653"},{"taxonomy":"product_cat","embeddable":true,"href":"https:\/\/roigk.de\/fr\/wp-json\/wp\/v2\/product_cat?post=16653"},{"taxonomy":"product_tag","embeddable":true,"href":"https:\/\/roigk.de\/fr\/wp-json\/wp\/v2\/product_tag?post=16653"}],"curies":[{"name":"wp","href":"https:\/\/api.w.org\/{rel}","templated":true}]}}