{"id":16655,"date":"2020-07-20T14:21:46","date_gmt":"2020-07-20T14:21:46","guid":{"rendered":"http:\/\/roigk.de\/produkt\/paire-darcs-de-poignees-r500-gouttiere-de-wiesbaden\/"},"modified":"2026-01-21T08:27:54","modified_gmt":"2026-01-21T08:27:54","slug":"paire-darcs-de-poignees-r500-gouttiere-de-wiesbaden","status":"publish","type":"product","link":"https:\/\/roigk.de\/fr\/paire-darcs-de-poignees-r500-gouttiere-de-wiesbaden\/","title":{"rendered":"Paire d&rsquo;arcs de poign\u00e9es R500 (goutti\u00e8re de Wiesbaden)"},"content":{"rendered":"","protected":false},"excerpt":{"rendered":"<p>Pour les syst\u00e8mes de rigoles de Wiesbaden. La disposition et la fixation des arcs avec les brides d&#8217;\u00e9tanch\u00e9it\u00e9 optionnelles sont adapt\u00e9es individuellement.<\/p>\n<p>Norme : DIN EN 13451-2<br \/>Groupe cible : piscines publiques<br \/>Placement : en compl\u00e9ment des marches en c\u00e9ramique<br \/>Mat\u00e9riau : acier inoxydable V4A (1.4571 ou optionnellement 1.4539)<\/p>\n","protected":false},"featured_media":28866,"template":"","meta":{"_acf_changed":false},"product_brand":[],"product_cat":[166],"product_tag":[],"class_list":{"0":"post-16655","1":"product","2":"type-product","3":"status-publish","4":"has-post-thumbnail","6":"product_cat-escaliers-garde-corps-et-echelles","8":"first","9":"instock","10":"taxable","11":"shipping-taxable","12":"purchasable","13":"product-type-simple"},"acf":[],"_links":{"self":[{"href":"https:\/\/roigk.de\/fr\/wp-json\/wp\/v2\/product\/16655","targetHints":{"allow":["GET"]}}],"collection":[{"href":"https:\/\/roigk.de\/fr\/wp-json\/wp\/v2\/product"}],"about":[{"href":"https:\/\/roigk.de\/fr\/wp-json\/wp\/v2\/types\/product"}],"wp:featuredmedia":[{"embeddable":true,"href":"https:\/\/roigk.de\/fr\/wp-json\/wp\/v2\/media\/28866"}],"wp:attachment":[{"href":"https:\/\/roigk.de\/fr\/wp-json\/wp\/v2\/media?parent=16655"}],"wp:term":[{"taxonomy":"product_brand","embeddable":true,"href":"https:\/\/roigk.de\/fr\/wp-json\/wp\/v2\/product_brand?post=16655"},{"taxonomy":"product_cat","embeddable":true,"href":"https:\/\/roigk.de\/fr\/wp-json\/wp\/v2\/product_cat?post=16655"},{"taxonomy":"product_tag","embeddable":true,"href":"https:\/\/roigk.de\/fr\/wp-json\/wp\/v2\/product_tag?post=16655"}],"curies":[{"name":"wp","href":"https:\/\/api.w.org\/{rel}","templated":true}]}}