{"id":16659,"date":"2020-07-20T14:50:40","date_gmt":"2020-07-20T14:50:40","guid":{"rendered":"http:\/\/roigk.de\/produkt\/riff-grand-corail-1-avec-deux-effets-dinclinaison-r201507-10\/"},"modified":"2026-01-21T08:28:10","modified_gmt":"2026-01-21T08:28:10","slug":"riff-grand-corail-1-avec-deux-effets-dinclinaison-r201507-10","status":"publish","type":"product","link":"https:\/\/roigk.de\/fr\/riff-grand-corail-1-avec-deux-effets-dinclinaison-r201507-10\/","title":{"rendered":"Corail 1 R201507-10"},"content":{"rendered":"","protected":false},"excerpt":{"rendered":"<p>Les extr\u00e9mit\u00e9s des bras du corail se remplissent lentement d&#8217;eau gr\u00e2ce \u00e0 la pulv\u00e9risation et se vident d&#8217;autant plus \u00e9tonnamment.&nbsp;<\/p>\n<p>Hauteur : environ 3.800 mm<br \/>D\u00e9bit d&#8217;eau : 21 \u00e0 34 l\/min<br \/>Pression de l&#8217;eau : 0,5 \u00e0 0,7 bar<br \/>Groupe cible : les enfants <br \/>Positionnement : dans le bassin d&#8217;attraction ou sur la zone de l&#8217;\u00e9l\u00e9ment aquatique (WT max. recommand\u00e9 = 1 800 mm)<br \/>Mat\u00e9riau : acier inoxydable V4A (1.4571), verre color\u00e9<\/p>\n","protected":false},"featured_media":11017,"template":"","meta":{"_acf_changed":false},"product_brand":[],"product_cat":[173],"product_tag":[],"class_list":{"0":"post-16659","1":"product","2":"type-product","3":"status-publish","4":"has-post-thumbnail","6":"product_cat-oxy-un-veritable-plaisir-aquatique","8":"first","9":"instock","10":"taxable","11":"shipping-taxable","12":"purchasable","13":"product-type-simple"},"acf":[],"_links":{"self":[{"href":"https:\/\/roigk.de\/fr\/wp-json\/wp\/v2\/product\/16659","targetHints":{"allow":["GET"]}}],"collection":[{"href":"https:\/\/roigk.de\/fr\/wp-json\/wp\/v2\/product"}],"about":[{"href":"https:\/\/roigk.de\/fr\/wp-json\/wp\/v2\/types\/product"}],"wp:featuredmedia":[{"embeddable":true,"href":"https:\/\/roigk.de\/fr\/wp-json\/wp\/v2\/media\/11017"}],"wp:attachment":[{"href":"https:\/\/roigk.de\/fr\/wp-json\/wp\/v2\/media?parent=16659"}],"wp:term":[{"taxonomy":"product_brand","embeddable":true,"href":"https:\/\/roigk.de\/fr\/wp-json\/wp\/v2\/product_brand?post=16659"},{"taxonomy":"product_cat","embeddable":true,"href":"https:\/\/roigk.de\/fr\/wp-json\/wp\/v2\/product_cat?post=16659"},{"taxonomy":"product_tag","embeddable":true,"href":"https:\/\/roigk.de\/fr\/wp-json\/wp\/v2\/product_tag?post=16659"}],"curies":[{"name":"wp","href":"https:\/\/api.w.org\/{rel}","templated":true}]}}