{"id":16661,"date":"2020-07-20T14:50:45","date_gmt":"2020-07-20T14:50:45","guid":{"rendered":"http:\/\/roigk.de\/produkt\/riff-grand-corail-2-avec-brouillard-deau-r201508-10\/"},"modified":"2026-01-21T08:28:16","modified_gmt":"2026-01-21T08:28:16","slug":"riff-grand-corail-2-avec-brouillard-deau-r201508-10","status":"publish","type":"product","link":"https:\/\/roigk.de\/fr\/riff-grand-corail-2-avec-brouillard-deau-r201508-10\/","title":{"rendered":"Corail 2 R201508-10"},"content":{"rendered":"","protected":false},"excerpt":{"rendered":"<p>Id\u00e9al comme combinaison de 3 coraux, le r\u00e9cif corallien est entour\u00e9 d&#8217;un jet rafra\u00eechissant de fine brume d&#8217;eau.<\/p>\n<p>Hauteur : 3.100 mm<br \/>D\u00e9bit d&#8217;eau : 6 \u00e0 8 l\/min<br \/>Pression de l&#8217;eau : 0,7 \u00e0 1,2 bar<br \/>Groupe cible : enfants, adolescents et adultes<br \/>Positionnement : sur l&#8217;aire de jeux d&#8217;eau (WT max. recommand\u00e9 = 200 mm)<br \/>Mat\u00e9riau : acier inoxydable V4A (1.4571)<\/p>\n","protected":false},"featured_media":11023,"template":"","meta":{"_acf_changed":false},"product_brand":[],"product_cat":[173],"product_tag":[],"class_list":{"0":"post-16661","1":"product","2":"type-product","3":"status-publish","4":"has-post-thumbnail","6":"product_cat-oxy-un-veritable-plaisir-aquatique","8":"first","9":"instock","10":"taxable","11":"shipping-taxable","12":"purchasable","13":"product-type-simple"},"acf":[],"_links":{"self":[{"href":"https:\/\/roigk.de\/fr\/wp-json\/wp\/v2\/product\/16661","targetHints":{"allow":["GET"]}}],"collection":[{"href":"https:\/\/roigk.de\/fr\/wp-json\/wp\/v2\/product"}],"about":[{"href":"https:\/\/roigk.de\/fr\/wp-json\/wp\/v2\/types\/product"}],"wp:featuredmedia":[{"embeddable":true,"href":"https:\/\/roigk.de\/fr\/wp-json\/wp\/v2\/media\/11023"}],"wp:attachment":[{"href":"https:\/\/roigk.de\/fr\/wp-json\/wp\/v2\/media?parent=16661"}],"wp:term":[{"taxonomy":"product_brand","embeddable":true,"href":"https:\/\/roigk.de\/fr\/wp-json\/wp\/v2\/product_brand?post=16661"},{"taxonomy":"product_cat","embeddable":true,"href":"https:\/\/roigk.de\/fr\/wp-json\/wp\/v2\/product_cat?post=16661"},{"taxonomy":"product_tag","embeddable":true,"href":"https:\/\/roigk.de\/fr\/wp-json\/wp\/v2\/product_tag?post=16661"}],"curies":[{"name":"wp","href":"https:\/\/api.w.org\/{rel}","templated":true}]}}