{"id":16663,"date":"2020-07-20T14:32:27","date_gmt":"2020-07-20T14:32:27","guid":{"rendered":"http:\/\/roigk.de\/produkt\/riff-grand-corail-3-avec-un-effet-de-basculement-r201509-10\/"},"modified":"2026-01-21T08:28:22","modified_gmt":"2026-01-21T08:28:22","slug":"riff-grand-corail-3-avec-un-effet-de-basculement-r201509-10","status":"publish","type":"product","link":"https:\/\/roigk.de\/fr\/riff-grand-corail-3-avec-un-effet-de-basculement-r201509-10\/","title":{"rendered":"Corail 3 R201509-10"},"content":{"rendered":"","protected":false},"excerpt":{"rendered":"<p>Un long bras de corail s&rsquo;\u00e9tend loin dans le bassin et bascule de mani\u00e8re surprenante. Id\u00e9al pour une position dans la zone de bordure.<\/p>\n<p>Hauteur : 3 455 mm<br \/>D\u00e9bit d&rsquo;eau : 13 \u00e0 23 l\/min<br \/>Pression de l&rsquo;eau : 0,6 \u00e0 1,0 bar<br \/>Groupe cible : Enfants et adolescents<br \/>Positionnement : au bord du bassin ou sur le parc \u00e0 jets d&rsquo;eau<br \/>Mat\u00e9riel : Acier inoxydable V4A (1.4571), Verre Colourshine<\/p>\n","protected":false},"featured_media":9502,"template":"","meta":{"_acf_changed":false},"product_brand":[],"product_cat":[173],"product_tag":[],"class_list":{"0":"post-16663","1":"product","2":"type-product","3":"status-publish","4":"has-post-thumbnail","6":"product_cat-oxy-un-veritable-plaisir-aquatique","8":"first","9":"instock","10":"taxable","11":"shipping-taxable","12":"purchasable","13":"product-type-simple"},"acf":[],"_links":{"self":[{"href":"https:\/\/roigk.de\/fr\/wp-json\/wp\/v2\/product\/16663","targetHints":{"allow":["GET"]}}],"collection":[{"href":"https:\/\/roigk.de\/fr\/wp-json\/wp\/v2\/product"}],"about":[{"href":"https:\/\/roigk.de\/fr\/wp-json\/wp\/v2\/types\/product"}],"wp:featuredmedia":[{"embeddable":true,"href":"https:\/\/roigk.de\/fr\/wp-json\/wp\/v2\/media\/9502"}],"wp:attachment":[{"href":"https:\/\/roigk.de\/fr\/wp-json\/wp\/v2\/media?parent=16663"}],"wp:term":[{"taxonomy":"product_brand","embeddable":true,"href":"https:\/\/roigk.de\/fr\/wp-json\/wp\/v2\/product_brand?post=16663"},{"taxonomy":"product_cat","embeddable":true,"href":"https:\/\/roigk.de\/fr\/wp-json\/wp\/v2\/product_cat?post=16663"},{"taxonomy":"product_tag","embeddable":true,"href":"https:\/\/roigk.de\/fr\/wp-json\/wp\/v2\/product_tag?post=16663"}],"curies":[{"name":"wp","href":"https:\/\/api.w.org\/{rel}","templated":true}]}}