{"id":16665,"date":"2020-07-20T14:50:08","date_gmt":"2020-07-20T14:50:08","guid":{"rendered":"http:\/\/roigk.de\/produkt\/chariot-de-grande-ligne-r99203-pour-les-lignes-de-natation\/"},"modified":"2026-01-21T08:28:29","modified_gmt":"2026-01-21T08:28:29","slug":"chariot-de-grande-ligne-r99203-pour-les-lignes-de-natation","status":"publish","type":"product","link":"https:\/\/roigk.de\/fr\/chariot-de-grande-ligne-r99203-pour-les-lignes-de-natation\/","title":{"rendered":"Chariot de grande ligne R99203 (pour les lignes de natation)"},"content":{"rendered":"","protected":false},"excerpt":{"rendered":"<p>Utilisez ce chariot&nbsp; pour<br \/>3 x 50 m ou 6 x 25 m FINA Wavekiller ligne R771165 ou<br \/>4 x 50 m ou 8 x 25 m Mini laisse Wavekiller R771164 ou laisse Hostalen<\/p>\n<p>Les lignes sont stabilis\u00e9es sur les c\u00f4t\u00e9s par des disques pleins en fibre de verre.&nbsp;<\/p>\n<p>Dimensions : longueur x largeur x hauteur : 1.800 x 1.117 x 1.430 mm<br \/>Mat\u00e9riau : acier inoxydable V4A (1.4571), plastique renforc\u00e9 de fibres de verre (GfK)<br \/>Surface au sol requise : environ 1350 x 2000 mm<\/p>\n","protected":false},"featured_media":10972,"template":"","meta":{"_acf_changed":false},"product_brand":[],"product_cat":[158],"product_tag":[],"class_list":{"0":"post-16665","1":"product","2":"type-product","3":"status-publish","4":"has-post-thumbnail","6":"product_cat-lignes-de-nage-lignes-de-separation-et-douilles-de-sol","8":"first","9":"instock","10":"taxable","11":"shipping-taxable","12":"purchasable","13":"product-type-simple"},"acf":[],"_links":{"self":[{"href":"https:\/\/roigk.de\/fr\/wp-json\/wp\/v2\/product\/16665","targetHints":{"allow":["GET"]}}],"collection":[{"href":"https:\/\/roigk.de\/fr\/wp-json\/wp\/v2\/product"}],"about":[{"href":"https:\/\/roigk.de\/fr\/wp-json\/wp\/v2\/types\/product"}],"wp:featuredmedia":[{"embeddable":true,"href":"https:\/\/roigk.de\/fr\/wp-json\/wp\/v2\/media\/10972"}],"wp:attachment":[{"href":"https:\/\/roigk.de\/fr\/wp-json\/wp\/v2\/media?parent=16665"}],"wp:term":[{"taxonomy":"product_brand","embeddable":true,"href":"https:\/\/roigk.de\/fr\/wp-json\/wp\/v2\/product_brand?post=16665"},{"taxonomy":"product_cat","embeddable":true,"href":"https:\/\/roigk.de\/fr\/wp-json\/wp\/v2\/product_cat?post=16665"},{"taxonomy":"product_tag","embeddable":true,"href":"https:\/\/roigk.de\/fr\/wp-json\/wp\/v2\/product_tag?post=16665"}],"curies":[{"name":"wp","href":"https:\/\/api.w.org\/{rel}","templated":true}]}}