{"id":16667,"date":"2020-07-20T14:20:50","date_gmt":"2021-01-19T22:35:15","guid":{"rendered":"http:\/\/roigk.de\/produkt\/grand-herisson-deau-r1000-500\/"},"modified":"2021-08-18T12:16:38","modified_gmt":"2021-08-18T12:16:38","slug":"grand-herisson-deau-r1000-500","status":"publish","type":"product","link":"https:\/\/roigk.de\/fr\/grand-herisson-deau-r1000-500\/","title":{"rendered":"Grand h\u00e9risson d&rsquo;eau R1000-500"},"content":{"rendered":"","protected":false},"excerpt":{"rendered":"<p>Le grand fr\u00e8re du petit h\u00e9risson aquatique pour encore plus de plaisir aquatique.&nbsp;<\/p>\n<p>Taille (L\/l\/h) : 500 x 500 x 500 mm ou hauteur sp\u00e9ciale <br \/>D\u00e9bit d&#8217;eau : 135 \u00e0 200 l\/min<br \/>Pression de l&#8217;eau : 0,1 bar <br \/>Groupe cible : enfants en bas \u00e2ge <br \/>Positionnement : dans le bassin des tout-petits (WT max. = 200 mm ou plus avec une hauteur sp\u00e9ciale) <br \/>Mat\u00e9riau : acier inoxydable V4A (1.4571)&nbsp;<\/p>\n","protected":false},"featured_media":18544,"template":"","meta":{"_acf_changed":false},"product_brand":[],"product_cat":[15],"product_tag":[],"class_list":{"0":"post-16667","1":"product","2":"type-product","3":"status-publish","4":"has-post-thumbnail","6":"product_cat-unkategorisiert","8":"first","9":"instock","10":"taxable","11":"shipping-taxable","12":"purchasable","13":"product-type-simple"},"acf":[],"_links":{"self":[{"href":"https:\/\/roigk.de\/fr\/wp-json\/wp\/v2\/product\/16667","targetHints":{"allow":["GET"]}}],"collection":[{"href":"https:\/\/roigk.de\/fr\/wp-json\/wp\/v2\/product"}],"about":[{"href":"https:\/\/roigk.de\/fr\/wp-json\/wp\/v2\/types\/product"}],"wp:featuredmedia":[{"embeddable":true,"href":"https:\/\/roigk.de\/fr\/wp-json\/wp\/v2\/media\/18544"}],"wp:attachment":[{"href":"https:\/\/roigk.de\/fr\/wp-json\/wp\/v2\/media?parent=16667"}],"wp:term":[{"taxonomy":"product_brand","embeddable":true,"href":"https:\/\/roigk.de\/fr\/wp-json\/wp\/v2\/product_brand?post=16667"},{"taxonomy":"product_cat","embeddable":true,"href":"https:\/\/roigk.de\/fr\/wp-json\/wp\/v2\/product_cat?post=16667"},{"taxonomy":"product_tag","embeddable":true,"href":"https:\/\/roigk.de\/fr\/wp-json\/wp\/v2\/product_tag?post=16667"}],"curies":[{"name":"wp","href":"https:\/\/api.w.org\/{rel}","templated":true}]}}