{"id":16669,"date":"2020-07-20T14:36:23","date_gmt":"2020-07-20T14:36:23","guid":{"rendered":"http:\/\/roigk.de\/produkt\/e-tampon-en-caoutchouc-r86070-pour-le-plot-de-depart-r1690-et-les-echelles\/"},"modified":"2026-01-21T08:28:38","modified_gmt":"2026-01-21T08:28:38","slug":"e-tampon-en-caoutchouc-r86070-pour-le-plot-de-depart-r1690-et-les-echelles","status":"publish","type":"product","link":"https:\/\/roigk.de\/fr\/e-tampon-en-caoutchouc-r86070-pour-le-plot-de-depart-r1690-et-les-echelles\/","title":{"rendered":"E# Tampon en caoutchouc R86070 (pour le plot de d\u00e9part R1690 et les \u00e9chelles)"},"content":{"rendered":"","protected":false},"excerpt":{"rendered":"<p>pour plot de d\u00e9part, y compris la plaque int\u00e9rieure en acier inoxydable comme support<br \/>Diam\u00e8tre ext\u00e9rieur 73 mm, diam\u00e8tre int\u00e9rieur 40 mm<\/p>\n","protected":false},"featured_media":9823,"template":"","meta":{"_acf_changed":false},"product_brand":[],"product_cat":[149],"product_tag":[],"class_list":{"0":"post-16669","1":"product","2":"type-product","3":"status-publish","4":"has-post-thumbnail","6":"product_cat-plot-de-depart-pieces-detachees","8":"first","9":"instock","10":"taxable","11":"shipping-taxable","12":"purchasable","13":"product-type-simple"},"acf":[],"_links":{"self":[{"href":"https:\/\/roigk.de\/fr\/wp-json\/wp\/v2\/product\/16669","targetHints":{"allow":["GET"]}}],"collection":[{"href":"https:\/\/roigk.de\/fr\/wp-json\/wp\/v2\/product"}],"about":[{"href":"https:\/\/roigk.de\/fr\/wp-json\/wp\/v2\/types\/product"}],"wp:featuredmedia":[{"embeddable":true,"href":"https:\/\/roigk.de\/fr\/wp-json\/wp\/v2\/media\/9823"}],"wp:attachment":[{"href":"https:\/\/roigk.de\/fr\/wp-json\/wp\/v2\/media?parent=16669"}],"wp:term":[{"taxonomy":"product_brand","embeddable":true,"href":"https:\/\/roigk.de\/fr\/wp-json\/wp\/v2\/product_brand?post=16669"},{"taxonomy":"product_cat","embeddable":true,"href":"https:\/\/roigk.de\/fr\/wp-json\/wp\/v2\/product_cat?post=16669"},{"taxonomy":"product_tag","embeddable":true,"href":"https:\/\/roigk.de\/fr\/wp-json\/wp\/v2\/product_tag?post=16669"}],"curies":[{"name":"wp","href":"https:\/\/api.w.org\/{rel}","templated":true}]}}