{"id":16679,"date":"2020-07-20T14:17:32","date_gmt":"2020-07-20T14:17:32","guid":{"rendered":"http:\/\/roigk.de\/produkt\/e-volant-manuel-r771252-28-pour-le-reglage-des-rouleaux\/"},"modified":"2026-01-21T08:29:08","modified_gmt":"2026-01-21T08:29:08","slug":"e-volant-manuel-r771252-28-pour-le-reglage-des-rouleaux","status":"publish","type":"product","link":"https:\/\/roigk.de\/fr\/e-volant-manuel-r771252-28-pour-le-reglage-des-rouleaux\/","title":{"rendered":"E# Volant manuel R771252-28 (pour le r\u00e9glage des rouleaux)"},"content":{"rendered":"","protected":false},"excerpt":{"rendered":"<p>conform\u00e9ment \u00e0 l&#8217;image, y compris l&#8217;\u00e9pingle<\/p>\n","protected":false},"featured_media":8445,"template":"","meta":{"_acf_changed":false},"product_brand":[],"product_cat":[147],"product_tag":[],"class_list":{"0":"post-16679","1":"product","2":"type-product","3":"status-publish","4":"has-post-thumbnail","6":"product_cat-plongeoirs-pieces-detachees","8":"first","9":"instock","10":"taxable","11":"shipping-taxable","12":"purchasable","13":"product-type-simple"},"acf":[],"_links":{"self":[{"href":"https:\/\/roigk.de\/fr\/wp-json\/wp\/v2\/product\/16679","targetHints":{"allow":["GET"]}}],"collection":[{"href":"https:\/\/roigk.de\/fr\/wp-json\/wp\/v2\/product"}],"about":[{"href":"https:\/\/roigk.de\/fr\/wp-json\/wp\/v2\/types\/product"}],"wp:featuredmedia":[{"embeddable":true,"href":"https:\/\/roigk.de\/fr\/wp-json\/wp\/v2\/media\/8445"}],"wp:attachment":[{"href":"https:\/\/roigk.de\/fr\/wp-json\/wp\/v2\/media?parent=16679"}],"wp:term":[{"taxonomy":"product_brand","embeddable":true,"href":"https:\/\/roigk.de\/fr\/wp-json\/wp\/v2\/product_brand?post=16679"},{"taxonomy":"product_cat","embeddable":true,"href":"https:\/\/roigk.de\/fr\/wp-json\/wp\/v2\/product_cat?post=16679"},{"taxonomy":"product_tag","embeddable":true,"href":"https:\/\/roigk.de\/fr\/wp-json\/wp\/v2\/product_tag?post=16679"}],"curies":[{"name":"wp","href":"https:\/\/api.w.org\/{rel}","templated":true}]}}