{"id":16683,"date":"2020-07-20T15:25:24","date_gmt":"2020-07-20T15:25:24","guid":{"rendered":"http:\/\/roigk.de\/produkt\/z-siege-fixe-suspendu-r12hfs-pour-elevateur-de-piscine-r10be\/"},"modified":"2026-01-21T08:29:16","modified_gmt":"2026-01-21T08:29:16","slug":"z-siege-fixe-suspendu-r12hfs-pour-elevateur-de-piscine-r10be","status":"publish","type":"product","link":"https:\/\/roigk.de\/fr\/z-siege-fixe-suspendu-r12hfs-pour-elevateur-de-piscine-r10be\/","title":{"rendered":"Z# Si\u00e8ge fixe suspendu R12HFS (pour \u00e9l\u00e9vateur de piscine R10BE)"},"content":{"rendered":"","protected":false},"excerpt":{"rendered":"<p>Mat\u00e9riau : acier inoxydable V4A (1.4571), plastique<\/p>\n","protected":false},"featured_media":11970,"template":"","meta":{"_acf_changed":false},"product_brand":[],"product_cat":[157],"product_tag":[],"class_list":{"0":"post-16683","1":"product","2":"type-product","3":"status-publish","4":"has-post-thumbnail","6":"product_cat-elevateur-de-piscine","8":"first","9":"instock","10":"taxable","11":"shipping-taxable","12":"purchasable","13":"product-type-simple"},"acf":[],"_links":{"self":[{"href":"https:\/\/roigk.de\/fr\/wp-json\/wp\/v2\/product\/16683","targetHints":{"allow":["GET"]}}],"collection":[{"href":"https:\/\/roigk.de\/fr\/wp-json\/wp\/v2\/product"}],"about":[{"href":"https:\/\/roigk.de\/fr\/wp-json\/wp\/v2\/types\/product"}],"wp:featuredmedia":[{"embeddable":true,"href":"https:\/\/roigk.de\/fr\/wp-json\/wp\/v2\/media\/11970"}],"wp:attachment":[{"href":"https:\/\/roigk.de\/fr\/wp-json\/wp\/v2\/media?parent=16683"}],"wp:term":[{"taxonomy":"product_brand","embeddable":true,"href":"https:\/\/roigk.de\/fr\/wp-json\/wp\/v2\/product_brand?post=16683"},{"taxonomy":"product_cat","embeddable":true,"href":"https:\/\/roigk.de\/fr\/wp-json\/wp\/v2\/product_cat?post=16683"},{"taxonomy":"product_tag","embeddable":true,"href":"https:\/\/roigk.de\/fr\/wp-json\/wp\/v2\/product_tag?post=16683"}],"curies":[{"name":"wp","href":"https:\/\/api.w.org\/{rel}","templated":true}]}}