{"id":16709,"date":"2020-07-20T14:28:42","date_gmt":"2020-07-20T14:28:42","guid":{"rendered":"http:\/\/roigk.de\/produkt\/escaliers-de-letage-mobile-r312\/"},"modified":"2026-01-21T08:30:23","modified_gmt":"2026-01-21T08:30:23","slug":"escaliers-de-letage-mobile-r312","status":"publish","type":"product","link":"https:\/\/roigk.de\/fr\/escaliers-de-letage-mobile-r312\/","title":{"rendered":"Escaliers de l&rsquo;\u00e9tage mobile R312"},"content":{"rendered":"","protected":false},"excerpt":{"rendered":"<p>L&#8217;escalier \u00e0 ciseaux R312 est recommand\u00e9 pour les escaliers \u00e0 hauteur r\u00e9glable. Il est mont\u00e9 sur des rouleaux dans la piscine et s&#8217;ajuste automatiquement \u00e0 la profondeur de l&#8217;eau.<\/p>\n<p>Disponible en option avec une protection sous-marine.<\/p>\n<p>Plage de r\u00e9glage : de 0 \u00e0 1 800 mm ou hauteur sp\u00e9ciale<br \/>Norme : DIN EN 13451-2<br \/>\u00c9chelons : 1 000 x 250 mm avec profilage antid\u00e9rapant des trous de buse<br \/>Groupe cible : nageurs plus \u00e2g\u00e9s pour lesquels une \u00e9chelle est trop raide<br \/>Positionnement : au bord de la piscine dans les piscines publiques \u00e0 fond mouvant<br \/>Mat\u00e9riau : acier inoxydable V4A (1.4571) ou (1.4539)<\/p>\n","protected":false},"featured_media":9197,"template":"","meta":{"_acf_changed":false},"product_brand":[],"product_cat":[166],"product_tag":[],"class_list":{"0":"post-16709","1":"product","2":"type-product","3":"status-publish","4":"has-post-thumbnail","6":"product_cat-escaliers-garde-corps-et-echelles","8":"first","9":"instock","10":"taxable","11":"shipping-taxable","12":"product-type-simple"},"acf":[],"_links":{"self":[{"href":"https:\/\/roigk.de\/fr\/wp-json\/wp\/v2\/product\/16709","targetHints":{"allow":["GET"]}}],"collection":[{"href":"https:\/\/roigk.de\/fr\/wp-json\/wp\/v2\/product"}],"about":[{"href":"https:\/\/roigk.de\/fr\/wp-json\/wp\/v2\/types\/product"}],"wp:featuredmedia":[{"embeddable":true,"href":"https:\/\/roigk.de\/fr\/wp-json\/wp\/v2\/media\/9197"}],"wp:attachment":[{"href":"https:\/\/roigk.de\/fr\/wp-json\/wp\/v2\/media?parent=16709"}],"wp:term":[{"taxonomy":"product_brand","embeddable":true,"href":"https:\/\/roigk.de\/fr\/wp-json\/wp\/v2\/product_brand?post=16709"},{"taxonomy":"product_cat","embeddable":true,"href":"https:\/\/roigk.de\/fr\/wp-json\/wp\/v2\/product_cat?post=16709"},{"taxonomy":"product_tag","embeddable":true,"href":"https:\/\/roigk.de\/fr\/wp-json\/wp\/v2\/product_tag?post=16709"}],"curies":[{"name":"wp","href":"https:\/\/api.w.org\/{rel}","templated":true}]}}