{"id":16711,"date":"2020-07-20T14:21:00","date_gmt":"2020-07-20T14:21:00","guid":{"rendered":"http:\/\/roigk.de\/produkt\/lherbe-des-dunes-interactive-r201815-70\/"},"modified":"2026-01-21T08:30:33","modified_gmt":"2026-01-21T08:30:33","slug":"lherbe-des-dunes-interactive-r201815-70","status":"publish","type":"product","link":"https:\/\/roigk.de\/fr\/lherbe-des-dunes-interactive-r201815-70\/","title":{"rendered":"Oyat interactif avec buse PlayFun R201815-70"},"content":{"rendered":"","protected":false},"excerpt":{"rendered":"<p>La buse mobile interactive Playfun vous invite \u00e0 jouer et \u00e0 l&#8217;essayer. D<span>\u00e9placez-la f<\/span>ermez-la, et les parents sont arros\u00e9s ! Voyons voir ce que nos enfants inventent d&#8217;autre.<\/p>\n<p>Hauteur : 510 mm<br \/>D\u00e9bit d&#8217;eau : 8 \u00e0 11 l\/min<br \/>Pression de l&#8217;eau : 0,05 \u00e0 0,1 bar<br \/>Groupe cible : enfants et nourrissons<br \/>Positionnement : au bord des bassins pour enfants en bas \u00e2ge qui \u00e9claboussent dans la piscine<br \/>Mat\u00e9riau : acier inoxydable V4A (1.4571)<\/p>\n","protected":false},"featured_media":8668,"template":"","meta":{"_acf_changed":false},"product_brand":[],"product_cat":[308],"product_tag":[],"class_list":{"0":"post-16711","1":"product","2":"type-product","3":"status-publish","4":"has-post-thumbnail","6":"product_cat-gargouilles-pour-les-piscines-des-tout-petits","8":"first","9":"instock","10":"taxable","11":"shipping-taxable","12":"purchasable","13":"product-type-simple"},"acf":[],"_links":{"self":[{"href":"https:\/\/roigk.de\/fr\/wp-json\/wp\/v2\/product\/16711","targetHints":{"allow":["GET"]}}],"collection":[{"href":"https:\/\/roigk.de\/fr\/wp-json\/wp\/v2\/product"}],"about":[{"href":"https:\/\/roigk.de\/fr\/wp-json\/wp\/v2\/types\/product"}],"wp:featuredmedia":[{"embeddable":true,"href":"https:\/\/roigk.de\/fr\/wp-json\/wp\/v2\/media\/8668"}],"wp:attachment":[{"href":"https:\/\/roigk.de\/fr\/wp-json\/wp\/v2\/media?parent=16711"}],"wp:term":[{"taxonomy":"product_brand","embeddable":true,"href":"https:\/\/roigk.de\/fr\/wp-json\/wp\/v2\/product_brand?post=16711"},{"taxonomy":"product_cat","embeddable":true,"href":"https:\/\/roigk.de\/fr\/wp-json\/wp\/v2\/product_cat?post=16711"},{"taxonomy":"product_tag","embeddable":true,"href":"https:\/\/roigk.de\/fr\/wp-json\/wp\/v2\/product_tag?post=16711"}],"curies":[{"name":"wp","href":"https:\/\/api.w.org\/{rel}","templated":true}]}}