{"id":16723,"date":"2020-07-20T14:29:36","date_gmt":"2020-07-20T14:29:36","guid":{"rendered":"http:\/\/roigk.de\/produkt\/craft-champignon-deau-pour-enfants-r8509\/"},"modified":"2026-01-21T08:31:14","modified_gmt":"2026-01-21T08:31:14","slug":"craft-champignon-deau-pour-enfants-r8509","status":"publish","type":"product","link":"https:\/\/roigk.de\/fr\/craft-champignon-deau-pour-enfants-r8509\/","title":{"rendered":"Champignon d&rsquo;eau R8509"},"content":{"rendered":"","protected":false},"excerpt":{"rendered":"<p>Le film d&#8217;eau laminaire qui circule compl\u00e8tement est r\u00e9fl\u00e9chi par le soleil. Les enfants peuvent&nbsp;<span>se cacher sous l&#8217;eau et s&#8217;amuser&nbsp;<\/span><span>\u00e0 regarder&nbsp;<\/span>le vent qui fait bouger le film d&#8217;eau.<\/p>\n<p>Hauteur : 1.300 mm<br \/>D\u00e9bit d&#8217;eau : 60 \u00e0 100 l\/min<br \/>Pression de l&#8217;eau : 0,15 \u00e0 0,2 bar<br \/>Groupe cible : enfants et enfants en bas \u00e2ge<br \/>Positionnement : bassin pour enfants ou aire de jeux d&#8217;eau (WT max. = 600 mm)<br \/>Mat\u00e9riau : acier inoxydable V4A (1.4571)<\/p>\n","protected":false},"featured_media":9259,"template":"","meta":{"_acf_changed":false},"product_brand":[],"product_cat":[308],"product_tag":[],"class_list":{"0":"post-16723","1":"product","2":"type-product","3":"status-publish","4":"has-post-thumbnail","6":"product_cat-gargouilles-pour-les-piscines-des-tout-petits","8":"first","9":"instock","10":"taxable","11":"shipping-taxable","12":"purchasable","13":"product-type-simple"},"acf":[],"_links":{"self":[{"href":"https:\/\/roigk.de\/fr\/wp-json\/wp\/v2\/product\/16723","targetHints":{"allow":["GET"]}}],"collection":[{"href":"https:\/\/roigk.de\/fr\/wp-json\/wp\/v2\/product"}],"about":[{"href":"https:\/\/roigk.de\/fr\/wp-json\/wp\/v2\/types\/product"}],"wp:featuredmedia":[{"embeddable":true,"href":"https:\/\/roigk.de\/fr\/wp-json\/wp\/v2\/media\/9259"}],"wp:attachment":[{"href":"https:\/\/roigk.de\/fr\/wp-json\/wp\/v2\/media?parent=16723"}],"wp:term":[{"taxonomy":"product_brand","embeddable":true,"href":"https:\/\/roigk.de\/fr\/wp-json\/wp\/v2\/product_brand?post=16723"},{"taxonomy":"product_cat","embeddable":true,"href":"https:\/\/roigk.de\/fr\/wp-json\/wp\/v2\/product_cat?post=16723"},{"taxonomy":"product_tag","embeddable":true,"href":"https:\/\/roigk.de\/fr\/wp-json\/wp\/v2\/product_tag?post=16723"}],"curies":[{"name":"wp","href":"https:\/\/api.w.org\/{rel}","templated":true}]}}