{"id":16734,"date":"2021-01-19T22:38:29","date_gmt":"2021-01-19T22:38:34","guid":{"rendered":"http:\/\/roigk.de\/produkt\/toboggan-lapin-pour-enfants-bunny-r202009\/"},"modified":"2021-09-21T15:23:11","modified_gmt":"2021-09-21T15:23:11","slug":"toboggan-lapin-pour-enfants-bunny-r202009","status":"publish","type":"product","link":"https:\/\/roigk.de\/fr\/toboggan-lapin-pour-enfants-bunny-r202009\/","title":{"rendered":"Toboggan lapin pour enfants Bunny R202009"},"content":{"rendered":"","protected":false},"excerpt":{"rendered":"<p>Toboggan aquatique pour enfatnts en bas \u00e2ge jusqu&#8217;\u00e0 environ 6 ans, en forme de lapin. Attraction pour enfatns, que ce soit dans la pataugeoire ou sur l&#8217;aire de jeux. En couleurs vives. Convient aux enfants &#8211;&nbsp; bien entendu sans coins ni bords.<\/p>\n<p>S\u00e9curit\u00e9 certifi\u00e9e selon la norme DIN EN 1069, 1 et 2 \/ 2010.<\/p>\n<p>Longueur : 2 340 mm<br \/>Largeur : 1 040 mm<br \/>Hauteur de la plate-forme : 720 mm<br \/>Mat\u00e9riau : Plastique renforc\u00e9 de fibres de verre (GfK)<br \/>Placement : dans la piscine (profondeur optimale de l&#8217;eau environ 300 mm) (la surface doit \u00eatre aussi r\u00e9guli\u00e8re que possible)<\/p>\n","protected":false},"featured_media":16728,"template":"","meta":{"_acf_changed":false},"product_brand":[],"product_cat":[15],"product_tag":[],"class_list":{"0":"post-16734","1":"product","2":"type-product","3":"status-publish","4":"has-post-thumbnail","6":"product_cat-unkategorisiert","8":"first","9":"instock","10":"taxable","11":"shipping-taxable","12":"purchasable","13":"product-type-simple"},"acf":[],"_links":{"self":[{"href":"https:\/\/roigk.de\/fr\/wp-json\/wp\/v2\/product\/16734","targetHints":{"allow":["GET"]}}],"collection":[{"href":"https:\/\/roigk.de\/fr\/wp-json\/wp\/v2\/product"}],"about":[{"href":"https:\/\/roigk.de\/fr\/wp-json\/wp\/v2\/types\/product"}],"wp:featuredmedia":[{"embeddable":true,"href":"https:\/\/roigk.de\/fr\/wp-json\/wp\/v2\/media\/16728"}],"wp:attachment":[{"href":"https:\/\/roigk.de\/fr\/wp-json\/wp\/v2\/media?parent=16734"}],"wp:term":[{"taxonomy":"product_brand","embeddable":true,"href":"https:\/\/roigk.de\/fr\/wp-json\/wp\/v2\/product_brand?post=16734"},{"taxonomy":"product_cat","embeddable":true,"href":"https:\/\/roigk.de\/fr\/wp-json\/wp\/v2\/product_cat?post=16734"},{"taxonomy":"product_tag","embeddable":true,"href":"https:\/\/roigk.de\/fr\/wp-json\/wp\/v2\/product_tag?post=16734"}],"curies":[{"name":"wp","href":"https:\/\/api.w.org\/{rel}","templated":true}]}}