{"id":16767,"date":"2021-01-19T22:39:23","date_gmt":"2021-01-19T22:39:23","guid":{"rendered":"http:\/\/roigk.de\/produkt\/toboggan-pour-enfants-dumbi-fibre-de-verre-renforcee-r201902-10\/"},"modified":"2026-01-21T08:31:52","modified_gmt":"2026-01-21T08:31:52","slug":"toboggan-pour-enfants-dumbi-fibre-de-verre-renforcee-r201902-10","status":"publish","type":"product","link":"https:\/\/roigk.de\/fr\/toboggan-pour-enfants-dumbi-fibre-de-verre-renforcee-r201902-10\/","title":{"rendered":"Toboggan pour enfants Dumbi (fibre de verre renforc\u00e9e) R201902-10"},"content":{"rendered":"","protected":false},"excerpt":{"rendered":"<p>Ce toboggan intemporel et color\u00e9 pour enfants en bas \u00e2ge est fabriqu\u00e9 en GRP avec un design d&rsquo;\u00e9l\u00e9phant. Les marches de s\u00e9curit\u00e9 sont en GRP sabl\u00e9 et il y a des mains courantes \u00e0 hauteur d&rsquo;enfant pour se tenir.<\/p>\n<p>Classification selon la norme DIN EN 1069 : type 1.1<br \/>Dimensions (L\/L\/H) : 1.700 x 800 x 1.100 mm<br \/>Hauteur de la plate-forme : 520 mm<br \/>Mat\u00e9riau : plastique renforc\u00e9 de fibres de verre (GRP) et acier inoxydable V4A (1.4571)<br \/>Groupe cible : jeunes enfants<br \/>Positionnement : dans le bassin avec WT = 100 \u00e0 400 mm<\/p>\n","protected":false},"featured_media":16764,"template":"","meta":{"_acf_changed":false},"product_brand":[],"product_cat":[305],"product_tag":[],"class_list":{"0":"post-16767","1":"product","2":"type-product","3":"status-publish","4":"has-post-thumbnail","6":"product_cat-toboggans-pour-tout-petits","8":"first","9":"instock","10":"taxable","11":"shipping-taxable","12":"purchasable","13":"product-type-simple"},"acf":[],"_links":{"self":[{"href":"https:\/\/roigk.de\/fr\/wp-json\/wp\/v2\/product\/16767","targetHints":{"allow":["GET"]}}],"collection":[{"href":"https:\/\/roigk.de\/fr\/wp-json\/wp\/v2\/product"}],"about":[{"href":"https:\/\/roigk.de\/fr\/wp-json\/wp\/v2\/types\/product"}],"wp:featuredmedia":[{"embeddable":true,"href":"https:\/\/roigk.de\/fr\/wp-json\/wp\/v2\/media\/16764"}],"wp:attachment":[{"href":"https:\/\/roigk.de\/fr\/wp-json\/wp\/v2\/media?parent=16767"}],"wp:term":[{"taxonomy":"product_brand","embeddable":true,"href":"https:\/\/roigk.de\/fr\/wp-json\/wp\/v2\/product_brand?post=16767"},{"taxonomy":"product_cat","embeddable":true,"href":"https:\/\/roigk.de\/fr\/wp-json\/wp\/v2\/product_cat?post=16767"},{"taxonomy":"product_tag","embeddable":true,"href":"https:\/\/roigk.de\/fr\/wp-json\/wp\/v2\/product_tag?post=16767"}],"curies":[{"name":"wp","href":"https:\/\/api.w.org\/{rel}","templated":true}]}}