{"id":16773,"date":"2021-01-19T22:39:32","date_gmt":"2021-01-19T22:39:32","guid":{"rendered":"http:\/\/roigk.de\/produkt\/toboggan-pour-enfants-en-acier-inoxydable-dumbi-au-bord-du-bassin-r201809-20\/"},"modified":"2026-01-21T08:32:01","modified_gmt":"2026-01-21T08:32:01","slug":"toboggan-pour-enfants-en-acier-inoxydable-dumbi-au-bord-du-bassin-r201809-20","status":"publish","type":"product","link":"https:\/\/roigk.de\/fr\/toboggan-pour-enfants-en-acier-inoxydable-dumbi-au-bord-du-bassin-r201809-20\/","title":{"rendered":"Toboggan pour enfants en acier inoxydable Dumbi (au bord du bassin) R201809-20"},"content":{"rendered":"","protected":false},"excerpt":{"rendered":"<p>Semblable au Dumbi en acier inoxydable.&nbsp;<\/p>\n<p>Pour un atterrissage en douceur, nous recommandons ce toboggan avec extension de la trompe et protection sous-marine pour une s\u00e9curit\u00e9 accrue selon la norme DIN EN 1069 et GUV. La trompe est sp\u00e9cialement adapt\u00e9e \u00e0 la profondeur de la piscine. La longueur du toboggan est ajustable.<\/p>\n<p>Positionnement : au bord du bassin avec WT = 100 \u00e0 500 mm<\/p>\n","protected":false},"featured_media":16770,"template":"","meta":{"_acf_changed":false},"product_brand":[],"product_cat":[305],"product_tag":[],"class_list":{"0":"post-16773","1":"product","2":"type-product","3":"status-publish","4":"has-post-thumbnail","6":"product_cat-toboggans-pour-tout-petits","8":"first","9":"instock","10":"taxable","11":"shipping-taxable","12":"purchasable","13":"product-type-simple"},"acf":[],"_links":{"self":[{"href":"https:\/\/roigk.de\/fr\/wp-json\/wp\/v2\/product\/16773","targetHints":{"allow":["GET"]}}],"collection":[{"href":"https:\/\/roigk.de\/fr\/wp-json\/wp\/v2\/product"}],"about":[{"href":"https:\/\/roigk.de\/fr\/wp-json\/wp\/v2\/types\/product"}],"wp:featuredmedia":[{"embeddable":true,"href":"https:\/\/roigk.de\/fr\/wp-json\/wp\/v2\/media\/16770"}],"wp:attachment":[{"href":"https:\/\/roigk.de\/fr\/wp-json\/wp\/v2\/media?parent=16773"}],"wp:term":[{"taxonomy":"product_brand","embeddable":true,"href":"https:\/\/roigk.de\/fr\/wp-json\/wp\/v2\/product_brand?post=16773"},{"taxonomy":"product_cat","embeddable":true,"href":"https:\/\/roigk.de\/fr\/wp-json\/wp\/v2\/product_cat?post=16773"},{"taxonomy":"product_tag","embeddable":true,"href":"https:\/\/roigk.de\/fr\/wp-json\/wp\/v2\/product_tag?post=16773"}],"curies":[{"name":"wp","href":"https:\/\/api.w.org\/{rel}","templated":true}]}}