{"id":16779,"date":"2021-01-19T22:39:41","date_gmt":"2021-01-19T22:39:41","guid":{"rendered":"http:\/\/roigk.de\/produkt\/toboggan-pour-enfants-en-acier-inoxydable-dumbi-dans-le-bassin-r201809-10\/"},"modified":"2026-01-21T08:32:19","modified_gmt":"2026-01-21T08:32:19","slug":"toboggan-pour-enfants-en-acier-inoxydable-dumbi-dans-le-bassin-r201809-10","status":"publish","type":"product","link":"https:\/\/roigk.de\/fr\/toboggan-pour-enfants-en-acier-inoxydable-dumbi-dans-le-bassin-r201809-10\/","title":{"rendered":"Toboggan pour enfants en acier inoxydable Dumbi (dans le bassin) R201809-10"},"content":{"rendered":"","protected":false},"excerpt":{"rendered":"<p>Ce toboggan robuste et s\u00fbr en acier inoxydable se pr\u00e9sente dans un design d&rsquo;\u00e9l\u00e9phant avec de grandes oreilles. Les marches de s\u00e9curit\u00e9 sont fabriqu\u00e9es en GRP sabl\u00e9. Le toboggan est ferm\u00e9 par le bas, pour une s\u00e9curit\u00e9 \u00e9lev\u00e9e et un nettoyage facile. <\/p>\n<p>Classification selon la norme DIN EN 1069 : type 1.1<br \/>Dimensions (L\/L\/H) : 2.200 x 1.000 x 1.250 mm<br \/>Hauteur de la plate-forme : 550 mm<br \/>Mat\u00e9riau : acier inoxydable V4A (1.4571)<br \/>Groupe cible : jeunes enfants<br \/>Positionnement : dans le bassin avec WT = 100 \u00e0 400 mm<\/p>\n","protected":false},"featured_media":16776,"template":"","meta":{"_acf_changed":false},"product_brand":[],"product_cat":[305],"product_tag":[],"class_list":{"0":"post-16779","1":"product","2":"type-product","3":"status-publish","4":"has-post-thumbnail","6":"product_cat-toboggans-pour-tout-petits","8":"first","9":"instock","10":"taxable","11":"shipping-taxable","12":"purchasable","13":"product-type-simple"},"acf":[],"_links":{"self":[{"href":"https:\/\/roigk.de\/fr\/wp-json\/wp\/v2\/product\/16779","targetHints":{"allow":["GET"]}}],"collection":[{"href":"https:\/\/roigk.de\/fr\/wp-json\/wp\/v2\/product"}],"about":[{"href":"https:\/\/roigk.de\/fr\/wp-json\/wp\/v2\/types\/product"}],"wp:featuredmedia":[{"embeddable":true,"href":"https:\/\/roigk.de\/fr\/wp-json\/wp\/v2\/media\/16776"}],"wp:attachment":[{"href":"https:\/\/roigk.de\/fr\/wp-json\/wp\/v2\/media?parent=16779"}],"wp:term":[{"taxonomy":"product_brand","embeddable":true,"href":"https:\/\/roigk.de\/fr\/wp-json\/wp\/v2\/product_brand?post=16779"},{"taxonomy":"product_cat","embeddable":true,"href":"https:\/\/roigk.de\/fr\/wp-json\/wp\/v2\/product_cat?post=16779"},{"taxonomy":"product_tag","embeddable":true,"href":"https:\/\/roigk.de\/fr\/wp-json\/wp\/v2\/product_tag?post=16779"}],"curies":[{"name":"wp","href":"https:\/\/api.w.org\/{rel}","templated":true}]}}