{"id":16781,"date":"2020-07-20T14:24:31","date_gmt":"2020-07-20T14:24:31","guid":{"rendered":"http:\/\/roigk.de\/produkt\/oxy-jet-deau-pulverisateur-r201408-10\/"},"modified":"2026-01-21T08:32:29","modified_gmt":"2026-01-21T08:32:29","slug":"oxy-jet-deau-pulverisateur-r201408-10","status":"publish","type":"product","link":"https:\/\/roigk.de\/fr\/oxy-jet-deau-pulverisateur-r201408-10\/","title":{"rendered":"OXY canon bourgeon R201408-10"},"content":{"rendered":"","protected":false},"excerpt":{"rendered":"<p>Sp\u00e9cialement con\u00e7u pour les petits enfants et peut \u00eatre mont\u00e9 en position \u00e9lev\u00e9e pour les enfants plus \u00e2g\u00e9s. Le canon \u00e0 eau est model\u00e9 sur une pousse et pulv\u00e9rise son eau sous la forme d&#8217;une queue d&#8217;eau tr\u00e8s douce qui s&#8217;\u00e9largit.<\/p>\n<p>Hauteur : 500 mm ou hauteur sp\u00e9ciale<br \/>Angle de pulv\u00e9risation : environ 100 degr\u00e9s (sans arr\u00eat)<br \/>D\u00e9bit d&#8217;eau : 6 \u00e0 9 l\/min<br \/>Pression de l&#8217;eau : 0,5 \u00e0 0,8 bar<br \/>Groupe cible : les enfants en bas \u00e2ge<br \/>Positionnement : Piscine pour enfants ou aire de jeux d&#8217;eau (WT max. = 100 mm ou plus avec une hauteur sp\u00e9ciale)<br \/>Mat\u00e9riau : acier inoxydable V4A (1.4571), verre color\u00e9<\/p>\n","protected":false},"featured_media":8915,"template":"","meta":{"_acf_changed":false},"product_brand":[],"product_cat":[173],"product_tag":[],"class_list":{"0":"post-16781","1":"product","2":"type-product","3":"status-publish","4":"has-post-thumbnail","6":"product_cat-oxy-un-veritable-plaisir-aquatique","8":"first","9":"instock","10":"taxable","11":"shipping-taxable","12":"purchasable","13":"product-type-simple"},"acf":[],"_links":{"self":[{"href":"https:\/\/roigk.de\/fr\/wp-json\/wp\/v2\/product\/16781","targetHints":{"allow":["GET"]}}],"collection":[{"href":"https:\/\/roigk.de\/fr\/wp-json\/wp\/v2\/product"}],"about":[{"href":"https:\/\/roigk.de\/fr\/wp-json\/wp\/v2\/types\/product"}],"wp:featuredmedia":[{"embeddable":true,"href":"https:\/\/roigk.de\/fr\/wp-json\/wp\/v2\/media\/8915"}],"wp:attachment":[{"href":"https:\/\/roigk.de\/fr\/wp-json\/wp\/v2\/media?parent=16781"}],"wp:term":[{"taxonomy":"product_brand","embeddable":true,"href":"https:\/\/roigk.de\/fr\/wp-json\/wp\/v2\/product_brand?post=16781"},{"taxonomy":"product_cat","embeddable":true,"href":"https:\/\/roigk.de\/fr\/wp-json\/wp\/v2\/product_cat?post=16781"},{"taxonomy":"product_tag","embeddable":true,"href":"https:\/\/roigk.de\/fr\/wp-json\/wp\/v2\/product_tag?post=16781"}],"curies":[{"name":"wp","href":"https:\/\/api.w.org\/{rel}","templated":true}]}}