{"id":16787,"date":"2020-07-20T14:37:14","date_gmt":"2020-07-20T14:37:14","guid":{"rendered":"http:\/\/roigk.de\/produkt\/brancard-r771002\/"},"modified":"2026-01-21T08:32:47","modified_gmt":"2026-01-21T08:32:47","slug":"brancard-r771002","status":"publish","type":"product","link":"https:\/\/roigk.de\/fr\/brancard-r771002\/","title":{"rendered":"Brancard R771002"},"content":{"rendered":"","protected":false},"excerpt":{"rendered":"<p>Selon la norme DIN 13204, convient aux ambulances et aux v\u00e9hicules de secours, housse avec ceinture thoracique et jambi\u00e8re avec attaches rapides, poign\u00e9es extensibles, 4 pieds coulissants, cadre porteur en profil\u00e9 carr\u00e9 d&#8217;aluminium.<\/p>\n<p>Dimensions : longueur 1910 x largeur 550 x hauteur 135 mm (largeur pliable)<br \/>Mat\u00e9riau : m\u00e9tal l\u00e9ger, avec joints crois\u00e9s verrouillables et couvercle en plastique<\/p>\n","protected":false},"featured_media":9873,"template":"","meta":{"_acf_changed":false},"product_brand":[],"product_cat":[154],"product_tag":[],"class_list":{"0":"post-16787","1":"product","2":"type-product","3":"status-publish","4":"has-post-thumbnail","6":"product_cat-materiel-de-secours-equipements-de-salle-de-premiers-secours-et-signalisation","8":"first","9":"instock","10":"taxable","11":"shipping-taxable","12":"purchasable","13":"product-type-simple"},"acf":[],"_links":{"self":[{"href":"https:\/\/roigk.de\/fr\/wp-json\/wp\/v2\/product\/16787","targetHints":{"allow":["GET"]}}],"collection":[{"href":"https:\/\/roigk.de\/fr\/wp-json\/wp\/v2\/product"}],"about":[{"href":"https:\/\/roigk.de\/fr\/wp-json\/wp\/v2\/types\/product"}],"wp:featuredmedia":[{"embeddable":true,"href":"https:\/\/roigk.de\/fr\/wp-json\/wp\/v2\/media\/9873"}],"wp:attachment":[{"href":"https:\/\/roigk.de\/fr\/wp-json\/wp\/v2\/media?parent=16787"}],"wp:term":[{"taxonomy":"product_brand","embeddable":true,"href":"https:\/\/roigk.de\/fr\/wp-json\/wp\/v2\/product_brand?post=16787"},{"taxonomy":"product_cat","embeddable":true,"href":"https:\/\/roigk.de\/fr\/wp-json\/wp\/v2\/product_cat?post=16787"},{"taxonomy":"product_tag","embeddable":true,"href":"https:\/\/roigk.de\/fr\/wp-json\/wp\/v2\/product_tag?post=16787"}],"curies":[{"name":"wp","href":"https:\/\/api.w.org\/{rel}","templated":true}]}}