{"id":16797,"date":"2020-07-20T14:37:05","date_gmt":"2020-07-20T14:37:05","guid":{"rendered":"http:\/\/roigk.de\/produkt\/bouchon-en-plastique-pour-tube-de-25-mm-pour-plot-de-depart\/"},"modified":"2026-01-21T08:34:04","modified_gmt":"2026-01-21T08:34:04","slug":"bouchon-en-plastique-pour-tube-de-25-mm-pour-plot-de-depart","status":"publish","type":"product","link":"https:\/\/roigk.de\/fr\/bouchon-en-plastique-pour-tube-de-25-mm-pour-plot-de-depart\/","title":{"rendered":"Bouchon en plastique pour tube de 25 mm (pour plot de d\u00e9part)"},"content":{"rendered":"","protected":false},"excerpt":{"rendered":"<p>conform\u00e9ment \u00e0 l&#8217;image<\/p>\n","protected":false},"featured_media":9863,"template":"","meta":{"_acf_changed":false},"product_brand":[],"product_cat":[149],"product_tag":[],"class_list":{"0":"post-16797","1":"product","2":"type-product","3":"status-publish","4":"has-post-thumbnail","6":"product_cat-plot-de-depart-pieces-detachees","8":"first","9":"instock","10":"taxable","11":"shipping-taxable","12":"purchasable","13":"product-type-simple"},"acf":[],"_links":{"self":[{"href":"https:\/\/roigk.de\/fr\/wp-json\/wp\/v2\/product\/16797","targetHints":{"allow":["GET"]}}],"collection":[{"href":"https:\/\/roigk.de\/fr\/wp-json\/wp\/v2\/product"}],"about":[{"href":"https:\/\/roigk.de\/fr\/wp-json\/wp\/v2\/types\/product"}],"wp:featuredmedia":[{"embeddable":true,"href":"https:\/\/roigk.de\/fr\/wp-json\/wp\/v2\/media\/9863"}],"wp:attachment":[{"href":"https:\/\/roigk.de\/fr\/wp-json\/wp\/v2\/media?parent=16797"}],"wp:term":[{"taxonomy":"product_brand","embeddable":true,"href":"https:\/\/roigk.de\/fr\/wp-json\/wp\/v2\/product_brand?post=16797"},{"taxonomy":"product_cat","embeddable":true,"href":"https:\/\/roigk.de\/fr\/wp-json\/wp\/v2\/product_cat?post=16797"},{"taxonomy":"product_tag","embeddable":true,"href":"https:\/\/roigk.de\/fr\/wp-json\/wp\/v2\/product_tag?post=16797"}],"curies":[{"name":"wp","href":"https:\/\/api.w.org\/{rel}","templated":true}]}}