{"id":16803,"date":"2020-07-20T14:41:49","date_gmt":"2020-07-20T14:41:49","guid":{"rendered":"http:\/\/roigk.de\/produkt\/riff-porte-laser-r201801-10\/"},"modified":"2026-01-21T08:34:49","modified_gmt":"2026-01-21T08:34:49","slug":"riff-porte-laser-r201801-10","status":"publish","type":"product","link":"https:\/\/roigk.de\/fr\/riff-porte-laser-r201801-10\/","title":{"rendered":"Portail laser R201801-10"},"content":{"rendered":"","protected":false},"excerpt":{"rendered":"<p>Voil\u00e0 \u00e0 quoi ressemble le futur ! Sauter \u00e0 travers les rayons laser dans une autre dimension. Ou s&#8217;agit-il simplement de jets d&#8217;eau ? Un jeu passionnant avec 6 jets d&#8217;eau individuels rafra\u00eechissants.&nbsp;<\/p>\n<p>Hauteur : 2 510 mm<br \/>D\u00e9bit d&#8217;eau : 15 \u00e0 24 l\/min<br \/>Pression de l&#8217;eau : 0,4 \u00e0 0,6 bar<br \/>Groupe cible : les enfants<br \/>Positionnement : aires de jeux aquatiques ou piscine pour enfants<br \/>(longueur maximale recommand\u00e9e = 500 mm)<br \/>Mat\u00e9riau : acier inoxydable V4A (1.4571), verre color\u00e9<\/p>\n","protected":false},"featured_media":10285,"template":"","meta":{"_acf_changed":false},"product_brand":[],"product_cat":[177],"product_tag":[],"class_list":{"0":"post-16803","1":"product","2":"type-product","3":"status-publish","4":"has-post-thumbnail","6":"product_cat-riff-zoo-fr","8":"first","9":"instock","10":"taxable","11":"shipping-taxable","12":"purchasable","13":"product-type-simple"},"acf":[],"_links":{"self":[{"href":"https:\/\/roigk.de\/fr\/wp-json\/wp\/v2\/product\/16803","targetHints":{"allow":["GET"]}}],"collection":[{"href":"https:\/\/roigk.de\/fr\/wp-json\/wp\/v2\/product"}],"about":[{"href":"https:\/\/roigk.de\/fr\/wp-json\/wp\/v2\/types\/product"}],"wp:featuredmedia":[{"embeddable":true,"href":"https:\/\/roigk.de\/fr\/wp-json\/wp\/v2\/media\/10285"}],"wp:attachment":[{"href":"https:\/\/roigk.de\/fr\/wp-json\/wp\/v2\/media?parent=16803"}],"wp:term":[{"taxonomy":"product_brand","embeddable":true,"href":"https:\/\/roigk.de\/fr\/wp-json\/wp\/v2\/product_brand?post=16803"},{"taxonomy":"product_cat","embeddable":true,"href":"https:\/\/roigk.de\/fr\/wp-json\/wp\/v2\/product_cat?post=16803"},{"taxonomy":"product_tag","embeddable":true,"href":"https:\/\/roigk.de\/fr\/wp-json\/wp\/v2\/product_tag?post=16803"}],"curies":[{"name":"wp","href":"https:\/\/api.w.org\/{rel}","templated":true}]}}