{"id":16805,"date":"2020-07-20T14:50:13","date_gmt":"2020-07-20T14:50:13","guid":{"rendered":"http:\/\/roigk.de\/produkt\/support-de-ligne-r98\/"},"modified":"2026-01-21T08:35:02","modified_gmt":"2026-01-21T08:35:02","slug":"support-de-ligne-r98","status":"publish","type":"product","link":"https:\/\/roigk.de\/fr\/support-de-ligne-r98\/","title":{"rendered":"Support de ligne R98"},"content":{"rendered":"","protected":false},"excerpt":{"rendered":"<p>Support de ligne adapt\u00e9 avec un anneau au bord de la piscine, qui permet d&#8217;utiliser des lignes de natation de longueur standard.<\/p>\n<p>Norme : DIN EN 13451<br \/>Taille : longueur adapt\u00e9e \u00e0 la t\u00eate pelvienne<br \/>Groupe cible : comp\u00e9titions et entra\u00eenements de natation<br \/>Mat\u00e9riau : acier inoxydable V4A (1.4571)<\/p>\n","protected":false},"featured_media":10977,"template":"","meta":{"_acf_changed":false},"product_brand":[],"product_cat":[158],"product_tag":[],"class_list":{"0":"post-16805","1":"product","2":"type-product","3":"status-publish","4":"has-post-thumbnail","6":"product_cat-lignes-de-nage-lignes-de-separation-et-douilles-de-sol","8":"first","9":"instock","10":"taxable","11":"shipping-taxable","12":"purchasable","13":"product-type-simple"},"acf":[],"_links":{"self":[{"href":"https:\/\/roigk.de\/fr\/wp-json\/wp\/v2\/product\/16805","targetHints":{"allow":["GET"]}}],"collection":[{"href":"https:\/\/roigk.de\/fr\/wp-json\/wp\/v2\/product"}],"about":[{"href":"https:\/\/roigk.de\/fr\/wp-json\/wp\/v2\/types\/product"}],"wp:featuredmedia":[{"embeddable":true,"href":"https:\/\/roigk.de\/fr\/wp-json\/wp\/v2\/media\/10977"}],"wp:attachment":[{"href":"https:\/\/roigk.de\/fr\/wp-json\/wp\/v2\/media?parent=16805"}],"wp:term":[{"taxonomy":"product_brand","embeddable":true,"href":"https:\/\/roigk.de\/fr\/wp-json\/wp\/v2\/product_brand?post=16805"},{"taxonomy":"product_cat","embeddable":true,"href":"https:\/\/roigk.de\/fr\/wp-json\/wp\/v2\/product_cat?post=16805"},{"taxonomy":"product_tag","embeddable":true,"href":"https:\/\/roigk.de\/fr\/wp-json\/wp\/v2\/product_tag?post=16805"}],"curies":[{"name":"wp","href":"https:\/\/api.w.org\/{rel}","templated":true}]}}