{"id":16807,"date":"2020-07-20T14:29:56","date_gmt":"2021-01-19T22:41:39","guid":{"rendered":"http:\/\/roigk.de\/produkt\/support-de-ligne-r98a\/"},"modified":"2021-06-09T09:15:21","modified_gmt":"2021-06-09T09:15:21","slug":"support-de-ligne-r98a","status":"publish","type":"product","link":"https:\/\/roigk.de\/fr\/support-de-ligne-r98a\/","title":{"rendered":"Support de ligne R98A"},"content":{"rendered":"","protected":false},"excerpt":{"rendered":"<p>Le support de ligne est situ\u00e9 dans une douille de sol au bord de la piscine et peut \u00eatre retir\u00e9 ; l&#8217;anneau pour suspendre les lignes de couloir de nage est prolong\u00e9 loin vers l&#8217;avant jusqu&#8217;au bord de la piscine pour que l&#8217;anneau puisse \u00eatre positionn\u00e9 exactement au-dessus du bord de la piscine. Le support de ligne est \u00e9lectropoli pour prot\u00e9ger contre la corrosion. Fabriqu\u00e9 selon la norme DIN EN 13451.<\/p>\n<p>Pour installer les plaques d&#8217;appui, un tube rond muni d&#8217;une vis de blocage est plac\u00e9 sur le support de ligne, dans lequel le tube de fixation des plaques d&#8217;appui peut \u00eatre ins\u00e9r\u00e9 et align\u00e9.<br \/>Mat\u00e9riau : acier inoxydable V4A (1.4571) \u00e9lectropoli<br \/>La dimension du milieu de la manche jusqu&#8217;au bord avant du bassin est requise avant la production<\/p>\n","protected":false},"featured_media":9295,"template":"","meta":{"_acf_changed":false},"product_brand":[],"product_cat":[158],"product_tag":[],"class_list":{"0":"post-16807","1":"product","2":"type-product","3":"status-publish","4":"has-post-thumbnail","6":"product_cat-lignes-de-nage-lignes-de-separation-et-douilles-de-sol","8":"first","9":"instock","10":"taxable","11":"shipping-taxable","12":"purchasable","13":"product-type-simple"},"acf":[],"_links":{"self":[{"href":"https:\/\/roigk.de\/fr\/wp-json\/wp\/v2\/product\/16807","targetHints":{"allow":["GET"]}}],"collection":[{"href":"https:\/\/roigk.de\/fr\/wp-json\/wp\/v2\/product"}],"about":[{"href":"https:\/\/roigk.de\/fr\/wp-json\/wp\/v2\/types\/product"}],"wp:featuredmedia":[{"embeddable":true,"href":"https:\/\/roigk.de\/fr\/wp-json\/wp\/v2\/media\/9295"}],"wp:attachment":[{"href":"https:\/\/roigk.de\/fr\/wp-json\/wp\/v2\/media?parent=16807"}],"wp:term":[{"taxonomy":"product_brand","embeddable":true,"href":"https:\/\/roigk.de\/fr\/wp-json\/wp\/v2\/product_brand?post=16807"},{"taxonomy":"product_cat","embeddable":true,"href":"https:\/\/roigk.de\/fr\/wp-json\/wp\/v2\/product_cat?post=16807"},{"taxonomy":"product_tag","embeddable":true,"href":"https:\/\/roigk.de\/fr\/wp-json\/wp\/v2\/product_tag?post=16807"}],"curies":[{"name":"wp","href":"https:\/\/api.w.org\/{rel}","templated":true}]}}