{"id":16813,"date":"2020-07-20T14:41:05","date_gmt":"2020-07-20T14:41:05","guid":{"rendered":"http:\/\/roigk.de\/produkt\/chariot-a-lignes-r771166e-750\/"},"modified":"2026-01-21T08:35:34","modified_gmt":"2026-01-21T08:35:34","slug":"chariot-a-lignes-r771166e-750","status":"publish","type":"product","link":"https:\/\/roigk.de\/fr\/chariot-a-lignes-r771166e-750\/","title":{"rendered":"Chariot \u00e0 lignes R771166E-750"},"content":{"rendered":"","protected":false},"excerpt":{"rendered":"<p>Le chariot \u00e0 lignes R771166E avec tambour \u00e0 lignes R99204E est tr\u00e8s r\u00e9sistant et offre une grande stabilit\u00e9 aux lignes de natation gr\u00e2ce aux disques pleins en fibre de verre renforc\u00e9e et au grand rouleau d&#8217;enroulement. Si vos budgets sont restreints, il suffit de prendre un seul chariot de ligne R771166E par projet et le nombre correspondant de tambours.&nbsp;<\/p>\n<p>Ils sont disponibles en deux largeurs :<\/p>\n<p>1) Largeur totale de 750 mm pour 1 x 50 m ou 2 x 25 m MINI Wavekiller line R771164<br \/>2) Largeur totale de 900 mm pour 1 x 50 m ou 2 x 25 m FINA Wavekiller line R771165<br \/>Hauteur : environ 1.300 mm<\/p>\n","protected":false},"featured_media":10210,"template":"","meta":{"_acf_changed":false},"product_brand":[],"product_cat":[158],"product_tag":[],"class_list":{"0":"post-16813","1":"product","2":"type-product","3":"status-publish","4":"has-post-thumbnail","6":"product_cat-lignes-de-nage-lignes-de-separation-et-douilles-de-sol","8":"first","9":"instock","10":"taxable","11":"shipping-taxable","12":"purchasable","13":"product-type-simple"},"acf":[],"_links":{"self":[{"href":"https:\/\/roigk.de\/fr\/wp-json\/wp\/v2\/product\/16813","targetHints":{"allow":["GET"]}}],"collection":[{"href":"https:\/\/roigk.de\/fr\/wp-json\/wp\/v2\/product"}],"about":[{"href":"https:\/\/roigk.de\/fr\/wp-json\/wp\/v2\/types\/product"}],"wp:featuredmedia":[{"embeddable":true,"href":"https:\/\/roigk.de\/fr\/wp-json\/wp\/v2\/media\/10210"}],"wp:attachment":[{"href":"https:\/\/roigk.de\/fr\/wp-json\/wp\/v2\/media?parent=16813"}],"wp:term":[{"taxonomy":"product_brand","embeddable":true,"href":"https:\/\/roigk.de\/fr\/wp-json\/wp\/v2\/product_brand?post=16813"},{"taxonomy":"product_cat","embeddable":true,"href":"https:\/\/roigk.de\/fr\/wp-json\/wp\/v2\/product_cat?post=16813"},{"taxonomy":"product_tag","embeddable":true,"href":"https:\/\/roigk.de\/fr\/wp-json\/wp\/v2\/product_tag?post=16813"}],"curies":[{"name":"wp","href":"https:\/\/api.w.org\/{rel}","templated":true}]}}