{"id":16817,"date":"2020-07-20T14:24:49","date_gmt":"2020-07-20T14:24:49","guid":{"rendered":"http:\/\/roigk.de\/produkt\/herbe-lumineuse-r201815-60\/"},"modified":"2026-01-21T08:35:49","modified_gmt":"2026-01-21T08:35:49","slug":"herbe-lumineuse-r201815-60","status":"publish","type":"product","link":"https:\/\/roigk.de\/fr\/herbe-lumineuse-r201815-60\/","title":{"rendered":"Oxy oyat lumineux LED R201815-60"},"content":{"rendered":"","protected":false},"excerpt":{"rendered":"<p>L&#8217;eau illumin\u00e9e par un module LED int\u00e9gr\u00e9 cr\u00e9e une nouvelle sorte d&#8217;atmosph\u00e8re et vous invite \u00e0 l&#8217;\u00e9merveillement et \u00e0 l&#8217;exp\u00e9rience.<\/p>\n<p>Hauteur : 560 mm<br \/>D\u00e9bit d&#8217;eau : 16 \u00e0 32 l\/min<br \/>Pression de l&#8217;eau : 0,05 \u00e0 0,1 bar<br \/>Groupe cible : enfants et nourrissons<br \/>Positionnement : au bord des bassins pour enfants en bas \u00e2ge qui \u00e9claboussent dans la piscine<br \/>Mat\u00e9riau : acier inoxydable V4A (1.4571)<\/p>\n","protected":false},"featured_media":8929,"template":"","meta":{"_acf_changed":false},"product_brand":[],"product_cat":[308],"product_tag":[],"class_list":{"0":"post-16817","1":"product","2":"type-product","3":"status-publish","4":"has-post-thumbnail","6":"product_cat-gargouilles-pour-les-piscines-des-tout-petits","8":"first","9":"instock","10":"taxable","11":"shipping-taxable","12":"purchasable","13":"product-type-simple"},"acf":[],"_links":{"self":[{"href":"https:\/\/roigk.de\/fr\/wp-json\/wp\/v2\/product\/16817","targetHints":{"allow":["GET"]}}],"collection":[{"href":"https:\/\/roigk.de\/fr\/wp-json\/wp\/v2\/product"}],"about":[{"href":"https:\/\/roigk.de\/fr\/wp-json\/wp\/v2\/types\/product"}],"wp:featuredmedia":[{"embeddable":true,"href":"https:\/\/roigk.de\/fr\/wp-json\/wp\/v2\/media\/8929"}],"wp:attachment":[{"href":"https:\/\/roigk.de\/fr\/wp-json\/wp\/v2\/media?parent=16817"}],"wp:term":[{"taxonomy":"product_brand","embeddable":true,"href":"https:\/\/roigk.de\/fr\/wp-json\/wp\/v2\/product_brand?post=16817"},{"taxonomy":"product_cat","embeddable":true,"href":"https:\/\/roigk.de\/fr\/wp-json\/wp\/v2\/product_cat?post=16817"},{"taxonomy":"product_tag","embeddable":true,"href":"https:\/\/roigk.de\/fr\/wp-json\/wp\/v2\/product_tag?post=16817"}],"curies":[{"name":"wp","href":"https:\/\/api.w.org\/{rel}","templated":true}]}}