{"id":16819,"date":"2020-07-20T15:27:30","date_gmt":"2020-07-20T15:27:30","guid":{"rendered":"http:\/\/roigk.de\/produkt\/z-banquette-r12l-pour-elevateur-r10be\/"},"modified":"2026-01-21T08:35:56","modified_gmt":"2026-01-21T08:35:56","slug":"z-banquette-r12l-pour-elevateur-r10be","status":"publish","type":"product","link":"https:\/\/roigk.de\/fr\/z-banquette-r12l-pour-elevateur-r10be\/","title":{"rendered":"Z# Banquette R12L (pour \u00e9l\u00e9vateur) R10BE"},"content":{"rendered":"","protected":false},"excerpt":{"rendered":"<p>Avec grande surface de couchage perm\u00e9able \u00e0 l&#8217;eau et un cadre en acier inoxydable. Pour les patients transport\u00e9s en position couch\u00e9e.<\/p>\n<p>Mat\u00e9riau : acier inoxydable V4A (1.4571), plastique<\/p>\n","protected":false},"featured_media":28899,"template":"","meta":{"_acf_changed":false},"product_brand":[],"product_cat":[157],"product_tag":[],"class_list":{"0":"post-16819","1":"product","2":"type-product","3":"status-publish","4":"has-post-thumbnail","6":"product_cat-elevateur-de-piscine","8":"first","9":"instock","10":"taxable","11":"shipping-taxable","12":"purchasable","13":"product-type-simple"},"acf":[],"_links":{"self":[{"href":"https:\/\/roigk.de\/fr\/wp-json\/wp\/v2\/product\/16819","targetHints":{"allow":["GET"]}}],"collection":[{"href":"https:\/\/roigk.de\/fr\/wp-json\/wp\/v2\/product"}],"about":[{"href":"https:\/\/roigk.de\/fr\/wp-json\/wp\/v2\/types\/product"}],"wp:featuredmedia":[{"embeddable":true,"href":"https:\/\/roigk.de\/fr\/wp-json\/wp\/v2\/media\/28899"}],"wp:attachment":[{"href":"https:\/\/roigk.de\/fr\/wp-json\/wp\/v2\/media?parent=16819"}],"wp:term":[{"taxonomy":"product_brand","embeddable":true,"href":"https:\/\/roigk.de\/fr\/wp-json\/wp\/v2\/product_brand?post=16819"},{"taxonomy":"product_cat","embeddable":true,"href":"https:\/\/roigk.de\/fr\/wp-json\/wp\/v2\/product_cat?post=16819"},{"taxonomy":"product_tag","embeddable":true,"href":"https:\/\/roigk.de\/fr\/wp-json\/wp\/v2\/product_tag?post=16819"}],"curies":[{"name":"wp","href":"https:\/\/api.w.org\/{rel}","templated":true}]}}