{"id":16827,"date":"2020-07-20T14:44:57","date_gmt":"2020-07-20T14:44:57","guid":{"rendered":"http:\/\/roigk.de\/produkt\/riff-boucle-ps0054-10\/"},"modified":"2026-01-21T08:36:13","modified_gmt":"2026-01-21T08:36:13","slug":"riff-boucle-ps0054-10","status":"publish","type":"product","link":"https:\/\/roigk.de\/fr\/riff-boucle-ps0054-10\/","title":{"rendered":"RIFF Canon loop PS0054-10"},"content":{"rendered":"","protected":false},"excerpt":{"rendered":"<p>Un canon \u00e0 eau pour un jeu collectif sauvage avec un jet volumique \u00e0 multiples faisceaux. Il est particuli\u00e8rement bien combinable avec des cachettes o\u00f9 les enfants peuvent se prot\u00e9ger de l&rsquo;eau. De plus, le combiner avec des anneaux cibles est une excellente id\u00e9e pour un jeu interactif plus collectif.<\/p>\n<p>Hauteur : 1 200 mm<br \/>Angle de pulv\u00e9risation : environ 100 degr\u00e9s (sans limite)<br \/>D\u00e9bit d&rsquo;eau : 8 \u00e0 21 l\/min<br \/>Pression de l&rsquo;eau : 0,25 \u00e0 1,5 bar<br \/>Groupe cible : Enfants<br \/>Positionnement : Pataugeoire ou parc \u00e0 jets d&rsquo;eau (max. WT = 500 mm)<br \/>Mat\u00e9riel : Acier inoxydable V4A (1.4571)<\/p>\n","protected":false},"featured_media":28908,"template":"","meta":{"_acf_changed":false},"product_brand":[],"product_cat":[177],"product_tag":[],"class_list":{"0":"post-16827","1":"product","2":"type-product","3":"status-publish","4":"has-post-thumbnail","6":"product_cat-riff-zoo-fr","8":"first","9":"instock","10":"taxable","11":"shipping-taxable","12":"purchasable","13":"product-type-simple"},"acf":[],"_links":{"self":[{"href":"https:\/\/roigk.de\/fr\/wp-json\/wp\/v2\/product\/16827","targetHints":{"allow":["GET"]}}],"collection":[{"href":"https:\/\/roigk.de\/fr\/wp-json\/wp\/v2\/product"}],"about":[{"href":"https:\/\/roigk.de\/fr\/wp-json\/wp\/v2\/types\/product"}],"wp:featuredmedia":[{"embeddable":true,"href":"https:\/\/roigk.de\/fr\/wp-json\/wp\/v2\/media\/28908"}],"wp:attachment":[{"href":"https:\/\/roigk.de\/fr\/wp-json\/wp\/v2\/media?parent=16827"}],"wp:term":[{"taxonomy":"product_brand","embeddable":true,"href":"https:\/\/roigk.de\/fr\/wp-json\/wp\/v2\/product_brand?post=16827"},{"taxonomy":"product_cat","embeddable":true,"href":"https:\/\/roigk.de\/fr\/wp-json\/wp\/v2\/product_cat?post=16827"},{"taxonomy":"product_tag","embeddable":true,"href":"https:\/\/roigk.de\/fr\/wp-json\/wp\/v2\/product_tag?post=16827"}],"curies":[{"name":"wp","href":"https:\/\/api.w.org\/{rel}","templated":true}]}}