{"id":16832,"date":"2020-07-20T14:21:37","date_gmt":"2021-01-19T22:43:20","guid":{"rendered":"http:\/\/roigk.de\/produkt\/garde-corps-central-r771178\/"},"modified":"2021-08-18T12:27:01","modified_gmt":"2021-08-18T12:27:01","slug":"garde-corps-central-r771178","status":"publish","type":"product","link":"https:\/\/roigk.de\/fr\/garde-corps-central-r771178\/","title":{"rendered":"Garde-corps central R771178"},"content":{"rendered":"","protected":false},"excerpt":{"rendered":"<p>Avec supports, main courante et tuyau coud\u00e9 optionnel en tube d&#8217;acier inoxydable de 40 x 2 mm, avec rosettes d&#8217;extr\u00e9mit\u00e9 de sol polies.<\/p>\n<p>Positionnement : par exemple, au milieu de larges escaliers dans les bassins d&#8217;entra\u00eenement<br \/>Mat\u00e9riau : acier inoxydable V4A (1.4571 ou optionnellement 1.4539)<\/p>\n","protected":false},"featured_media":8708,"template":"","meta":{"_acf_changed":false},"product_brand":[],"product_cat":[166],"product_tag":[],"class_list":{"0":"post-16832","1":"product","2":"type-product","3":"status-publish","4":"has-post-thumbnail","6":"product_cat-escaliers-garde-corps-et-echelles","8":"first","9":"instock","10":"taxable","11":"shipping-taxable","12":"product-type-simple"},"acf":[],"_links":{"self":[{"href":"https:\/\/roigk.de\/fr\/wp-json\/wp\/v2\/product\/16832","targetHints":{"allow":["GET"]}}],"collection":[{"href":"https:\/\/roigk.de\/fr\/wp-json\/wp\/v2\/product"}],"about":[{"href":"https:\/\/roigk.de\/fr\/wp-json\/wp\/v2\/types\/product"}],"wp:featuredmedia":[{"embeddable":true,"href":"https:\/\/roigk.de\/fr\/wp-json\/wp\/v2\/media\/8708"}],"wp:attachment":[{"href":"https:\/\/roigk.de\/fr\/wp-json\/wp\/v2\/media?parent=16832"}],"wp:term":[{"taxonomy":"product_brand","embeddable":true,"href":"https:\/\/roigk.de\/fr\/wp-json\/wp\/v2\/product_brand?post=16832"},{"taxonomy":"product_cat","embeddable":true,"href":"https:\/\/roigk.de\/fr\/wp-json\/wp\/v2\/product_cat?post=16832"},{"taxonomy":"product_tag","embeddable":true,"href":"https:\/\/roigk.de\/fr\/wp-json\/wp\/v2\/product_tag?post=16832"}],"curies":[{"name":"wp","href":"https:\/\/api.w.org\/{rel}","templated":true}]}}