{"id":16834,"date":"2020-07-20T14:50:32","date_gmt":"2020-07-20T14:50:32","guid":{"rendered":"http:\/\/roigk.de\/produkt\/leve-personne-mobile-pour-piscine-r37-pour-usage-autonome\/"},"modified":"2026-01-21T08:36:45","modified_gmt":"2026-01-21T08:36:45","slug":"leve-personne-mobile-pour-piscine-r37-pour-usage-autonome","status":"publish","type":"product","link":"https:\/\/roigk.de\/fr\/leve-personne-mobile-pour-piscine-r37-pour-usage-autonome\/","title":{"rendered":"L\u00e8ve-personne mobile pour piscine R37 (pour usage autonome)"},"content":{"rendered":"","protected":false},"excerpt":{"rendered":"<p>Pour une utilisation ind\u00e9pendante par l\u2019utilisateur. Tr\u00e8s l\u00e9ger et donc facile \u00e0 rouler. Le perfectionnement de l\u2019\u00e9l\u00e9vateur de piscine R36 permet \u00e0 l\u2019utilisateur d\u2019entrer et de sortir de la piscine de mani\u00e8re autonome. Le bras de levage peut \u00eatre tourn\u00e9 lat\u00e9ralement jusqu\u2019au bord de la piscine afin que l\u2019utilisateur puisse facilement se transf\u00e9rer d\u2019un fauteuil roulant ou d\u2019une chaise de douche. Gr\u00e2ce \u00e0 une t\u00e9l\u00e9commande, l\u2019utilisateur peut alors entrer et sortir de l\u2019eau par lui-m\u00eame. Pour les utilisateurs de fauteuils roulants ayant un degr\u00e9 \u00e9lev\u00e9 d\u2019ind\u00e9pendance. L\u2019\u00e9l\u00e9vateur ne n\u00e9cessite aucune autre fixation au bord de la piscine et peut donc \u00eatre utilis\u00e9 de mani\u00e8re flexible \u00e0 diff\u00e9rents endroits de la piscine. Avec commande de contr\u00f4le haut\/bas\/droite\/gauche, bouton d\u2019arr\u00eat d\u2019urgence, affichage num\u00e9rique de l\u2019\u00e9tat de charge, deux roues avec frein.<\/p>\n<p>Couleur : blanc<br \/>Taille (L\/l\/h) : ca. 2510 x 780 x 1500 mm<br \/>Capacit\u00e9 de charge : 136 kg<br \/>Dispositif m\u00e9dical : classe 1<br \/>Poids mort de l\u2019ascenseur : 300 kg, mais fonctionnement tr\u00e8s r\u00e9gulier<br \/>Alimentation \u00e9lectrique : piles 24V int\u00e9gr\u00e9es (chargeur inclus)<br \/>Groupe cible : nageurs atteints de divers handicaps et ayant un degr\u00e9 \u00e9lev\u00e9 d\u2019ind\u00e9pendance<br \/>Positionnement : au bord du bassin, en particulier les bassins publics \u2013 convient \u00e0 presque tous les syst\u00e8mes de canaux<br \/>Mat\u00e9riau : aluminium, acier inoxydable (1.4571)<\/p>\n","protected":false},"featured_media":30902,"template":"","meta":{"_acf_changed":false},"product_brand":[],"product_cat":[157],"product_tag":[],"class_list":{"0":"post-16834","1":"product","2":"type-product","3":"status-publish","4":"has-post-thumbnail","6":"product_cat-elevateur-de-piscine","8":"first","9":"outofstock","10":"taxable","11":"shipping-taxable","12":"purchasable","13":"product-type-simple"},"acf":[],"_links":{"self":[{"href":"https:\/\/roigk.de\/fr\/wp-json\/wp\/v2\/product\/16834","targetHints":{"allow":["GET"]}}],"collection":[{"href":"https:\/\/roigk.de\/fr\/wp-json\/wp\/v2\/product"}],"about":[{"href":"https:\/\/roigk.de\/fr\/wp-json\/wp\/v2\/types\/product"}],"wp:featuredmedia":[{"embeddable":true,"href":"https:\/\/roigk.de\/fr\/wp-json\/wp\/v2\/media\/30902"}],"wp:attachment":[{"href":"https:\/\/roigk.de\/fr\/wp-json\/wp\/v2\/media?parent=16834"}],"wp:term":[{"taxonomy":"product_brand","embeddable":true,"href":"https:\/\/roigk.de\/fr\/wp-json\/wp\/v2\/product_brand?post=16834"},{"taxonomy":"product_cat","embeddable":true,"href":"https:\/\/roigk.de\/fr\/wp-json\/wp\/v2\/product_cat?post=16834"},{"taxonomy":"product_tag","embeddable":true,"href":"https:\/\/roigk.de\/fr\/wp-json\/wp\/v2\/product_tag?post=16834"}],"curies":[{"name":"wp","href":"https:\/\/api.w.org\/{rel}","templated":true}]}}